{"id":9195,"date":"2024-11-21T13:18:12","date_gmt":"2024-11-21T12:18:12","guid":{"rendered":"https:\/\/2tm.eu\/?page_id=9195"},"modified":"2025-03-28T10:12:52","modified_gmt":"2025-03-28T09:12:52","slug":"terms-conditions","status":"publish","type":"page","link":"https:\/\/2tm.eu\/sr\/terms-conditions\/","title":{"rendered":"Uslovi kori\u0161c\u0301enja"},"content":{"rendered":"\n<div class=\"wp-block-group container\"><div class=\"wp-block-group__inner-container is-layout-constrained wp-block-group-is-layout-constrained\">\n<h2 class=\"wp-block-heading has-large-font-size\" id=\"h-uslovi-koriscenja\"><strong>Uslovi kori\u0161\u0107enja<\/strong><\/h2>\n\n\n\n<p class=\"has-medium-font-size\"><strong><strong>Op\u0161te odredbe<\/strong><\/strong><\/p>\n\n\n\n<p id=\"E334\">Op\u0161ti uslovi kori\u0161\u0107enja 2TM d.o.o. sa\u010dinjeni su u skladu sa Zakonom o za\u0161titi potro\u0161a\u010da (<a href=\"https:\/\/pisrs.si\/pregledPredpisa?id=ZAKO7054\">ZVPot-1<\/a>), Zakonom o za\u0161titi li\u010dnih podataka (<a href=\"https:\/\/pisrs.si\/pregledPredpisa?id=ZAKO7959\">ZVOP-2<\/a>) i Zakonom o elektronskim komunikacijama (<a href=\"https:\/\/pisrs.si\/pregledPredpisa?id=ZAKO8611\">ZEKom-2<\/a>).<\/p>\n\n\n\n<p id=\"E336\">Ovi uslovi kori\u0161\u0107enja reguli\u0161u va\u0161 pristup 2TM d.o.o. veb stranicu i kori\u0161\u0107enje svih usluga na njoj. Podno\u0161enjem obrasca za upit i izri\u010ditom potvrdom da se sla\u017eete sa uslovima kori\u0161\u0107enja, potvr\u0111ujete da ste ih pro\u010ditali, razumeli i saglasni ste sa njima.<\/p>\n\n\n\n<p class=\"has-medium-font-size\"><strong><strong>Prihvatljiva upotreba<\/strong><\/strong><\/p>\n\n\n\n<p id=\"E342\">Saglasni ste da koristite veb lokaciju u skladu sa va\u017ee\u0107im zakonima, bez kr\u0161enja prava tre\u0107ih lica ili nano\u0161enja \u0161tete veb stranici.<\/p>\n\n\n\n<p id=\"E344\">Zabranjeno je:<\/p>\n\n\n\n<ul>\n<li>distribucija zlonamerne programske opreme i ne\u017eeljene po\u0161te;<\/li>\n\n\n\n<li>poku\u0161aji neovla\u0161\u0107enog pristupa nalozima drugih korisnika;<\/li>\n\n\n\n<li>kori\u0161\u0107enje sadr\u017eaja veb stranice u komercijalne svrhe bez saglasnosti kompanije.<\/li>\n<\/ul>\n\n\n\n<p class=\"has-medium-font-size\"><strong><strong>Intelektualna svojina<\/strong><\/strong><\/p>\n\n\n\n<p>Svi materijali na veb stranici, uklju\u010duju\u0107i tekstove, grafike, logotipe, vlasni\u0161tvo su 2TM d.o.o. i za\u0161ti\u0107eni su zakonom o autorskim pravima. Materijal mo\u017eete koristiti samo za li\u010dnu, nekomercijalnu upotrebu.<\/p>\n\n\n\n<p class=\"has-medium-font-size\"><strong><strong>Politika za\u0161tite potro\u0161a\u010da<\/strong><\/strong><\/p>\n\n\n\n<p>Preduze\u0107e 2TM d.o.o. po\u0161tuje principe za\u0161tite potro\u0161a\u010da u skladu sa slovena\u010dkim zakonodavstvom i korisnicima pru\u017ea sve potrebne informacije o svojim uslugama. Trudimo se da pru\u017eene usluge odgovaraju opisu i va\u0161im o\u010dekivanjima.<\/p>\n\n\n\n<p class=\"has-medium-font-size\"><strong><strong>Uslovi pla\u0107anja<\/strong><\/strong><\/p>\n\n\n\n<p><strong><strong>Pla\u0107anje<\/strong><\/strong><\/p>\n\n\n\n<p>Pla\u0107anje usluga se vr\u0161i putem izdatog predra\u010duna ili ra\u010duna koji je na\u0161 menad\u017eer napravio nakon va\u0161e potvrde. Pla\u0107anje usluga direktno na sajtu nije mogu\u0107e. Na e-mail \u0107ete dobiti ra\u010dun sa kona\u010dnom cenom usluge, a pla\u0107anje \u0107e biti izvr\u0161eno u skladu sa podacima i uslovima navedenim na ra\u010dunu.<\/p>\n\n\n\n<p><strong><strong><strong>Informacije o uslovima odustajanja od proizvoda &#8220;Online kursevi slovena\u010dkog jezika&#8221;<\/strong><\/strong><\/strong><\/p>\n\n\n\n<p id=\"E379\">Imajte na umu da se iznos usluge (\u201eOnline kursevi slovena\u010dkog jezika\u201c) ne vra\u0107a kada kurs po\u010dne. Nakon uplate, korisnik dobija pun pristup kursu i edukativnim materijalima koji pokrivaju ceo planirani proces u\u010denja. Onlajn kursevi jezika (na daljinu) su specifi\u010dna usluga za slobodno vreme u vezi sa kojom kompanija 2TM d.o.o. obavezuje se da \u0107e je zavr\u0161iti na ta\u010dno odre\u0111eni datum ili u ta\u010dno odre\u0111enom roku. Dakle, u skladu sa ta\u010dkom 12. \u010dlana 135. ZVPot-1, korisnik nema pravo da odustane od ugovora na na\u010din da bi mogao da zahteva povra\u0107ak ve\u0107 upla\u0107enog iznosa.<\/p>\n\n\n\n<p id=\"E381\">Preporu\u010dujemo da pa\u017eljivo pro\u010ditate opis usluga i postavite sva pitanja pre nego \u0161to potvrdite. U slu\u010daju dodatnih pitanja, obratite se menad\u017eeru.<\/p>\n\n\n\n<p><strong><strong><strong><strong>Postupanje sa \u017ealbama i re\u0161avanje sporova<\/strong><\/strong><\/strong><\/strong><\/p>\n\n\n\n<p>Za tuma\u010denje uslova prodaje ili ugovora zaklju\u010denih izme\u0111u preduze\u0107a 2TM d.o.o. i\u00a0 kupca, va\u017ei\u00a0 isklju\u010divo pravo Republike Slovenije. Ugovorne strane se obavezuju da \u0107e sve sporove re\u0161avati mirnim putem, a u slu\u010daju iscrpljivanja svih vansudskih na\u010dina za postizanje sporazuma, za re\u0161avanje potro\u0161a\u010dkog spora nadle\u017ean je Okru\u017eni sud u Ljubljani. U skladu sa zakonskom regulativom 2TM d.o.o. ne priznaje nijednog pru\u017eaoca vansudskog poravnanja odgovornog za re\u0161avanje potro\u0161a\u010dkog spora koji bi potro\u0161a\u010d mogao da pokrene u skladu sa Zakonom o vansudskom re\u0161avanju potro\u0161a\u010dkih sporova.<\/p>\n\n\n\n<p>2TM po\u0161tuje va\u017ee\u0107e zakone o za\u0161titi potro\u0161a\u010da i obezbe\u0111uje efikasno i poverljivo re\u0161avanje \u017ealbi. Reklamacije 2TM d.o.o. prima na e-mail adresu: <a href=\"mailto:lj@2tm.si\">lj@2tm.si<\/a>.<\/p>\n\n\n\n<p><strong><strong><strong>Garancija usagla\u0161enosti usluge<\/strong><\/strong><\/strong><\/p>\n\n\n\n<p>Korisnik, koji je potro\u0161a\u010d, mo\u017ee ostvariti svoja prava po garanciji za usagla\u0161enost usluge, ako su ispunjeni uslovi navedeni u ZVPot-1. U slu\u010daju nepravilnosti u pru\u017eanju usluge, korisnik koji nas je obavestio mo\u017ee:<\/p>\n\n\n\n<ul>\n<li>zahtevati besplatno ispravljanje nepravilnosti u pru\u017eenoj usluzi;<\/li>\n\n\n\n<li>zahtevati ponovno obavljanje usluge;<\/li>\n\n\n\n<li>zahtevati povra\u0107aj dela kupoprodajne cene srazmerno nepravilnostima u pru\u017eenoj usluzi ili odustane od ugovora i zahteva povra\u0107aj upla\u0107enog iznosa.<\/li>\n<\/ul>\n\n\n\n<p>Ukoliko se ne ospori postojanje nepravilnosti u pru\u017eenoj usluzi, postupi\u0107emo po zahtevu korisnika u najkra\u0107em mogu\u0107em roku, a najkasnije u roku od osam dana. Ukoliko se ospori postojanje nepravilnosti, na zahtev korisnika \u0107emo odgovoriti u pisanoj formi u roku od osam dana od dana prijema. Rokovi utvr\u0111eni za odgovornost preduze\u0107a za neusagla\u0161enost robe smi\u0161ljeno se primenjuju i na neusagla\u0161enost usluge, osim ako posebnim zakonom ili ugovornim odredbama nije odre\u0111en druga\u010diji rok.<\/p>\n\n\n\n<p><strong><strong><strong>Veze ka resursima tre\u0107ih strana<\/strong><\/strong><\/strong><\/p>\n\n\n\n<p>Veb lokacija mo\u017ee sadr\u017eati veze ka veb lokacijama tre\u0107ih strana. Preduze\u0107e 2TM d.o.o. nije odgovorno za sadr\u017eaj ili politike takvih resursa, a pristup im je na sopstveni rizik.<\/p>\n\n\n\n<p><strong><strong><strong>Promene Uslova kori\u0161\u0107enja<\/strong><\/strong><\/strong><\/p>\n\n\n\n<p>Preduze\u0107e 2TM d.o.o. zadr\u017eava pravo da promeni ove odredbe i uslove. A\u017eurirani uslovi \u0107\u0301e biti objavljeni na ovoj stranici i stupi\u0107e na snagu od datuma objavljivanja. Za postoje\u0107e pravne odnose izmenjeni uslovi se primenjuju samo u slu\u010daju izri\u010dite izjave korisnika usluga da je upoznat sa novim uslovima i da je saglasan sa njihovim kori\u0161\u0107enjem.<\/p>\n\n\n\n<p class=\"has-medium-font-size\"><strong><strong><strong>Kontaktni podaci<\/strong><\/strong><\/strong><\/p>\n\n\n\n<p>Ako imate pitanja o ovim uslovima ili \u017eelite da postavite pitanje o na\u0161im uslugama, kontaktirajte nas na: lj@2tm.si ili na telefon +386 59 043 716.<\/p>\n\n\n\n<p><strong><strong><strong>Dokumenti<\/strong><\/strong><\/strong><\/p>\n\n\n\n<details class=\"wp-block-details is-layout-flow wp-block-details-is-layout-flow\"><summary>Obrazac sa informacijama u vezi sa ostvarivanjem prava potro\u0161a\u010da na odustanak od ugovora<\/summary>\n<p><strong><em><strong><strong>OBRAZAC SA INFORMACIJAMA U VEZI SA OSTVARIVANJEM<\/strong><\/strong><\/em><\/strong><\/p>\n\n\n\n<p><strong><em><strong><strong>PRAVA POTRO\u0160A\u010cA DA ODUSTAJE OD UGOVORA<\/strong><\/strong><\/em><\/strong><\/p>\n\n\n\n<p><strong><strong><strong>Pravo na odustajanje od ugovora<\/strong><\/strong><\/strong><\/p>\n\n\n\n<p>Potro\u0161a\u010d ima pravo da odustane od ovog ugovora u roku od 14 dana bez navo\u0111enja razloga. Rok za povla\u010denje isti\u010de u roku od 14 dana od dana zaklju\u010denja ugovora. Da bi ostvario pravo na odustanak, potro\u0161a\u010d mora da obavesti 2TM d.o.o., Dunajska cesta 106, 1000 Ljubljana (tel. +386 59043716, e-mail: lj@2tm.si) o svojoj odluci da odustane od ovog ugovora nedvosmislenom izjavom (npr. poslatim pismom ili elektronskom po\u0161tom). U tu svrhu potro\u0161a\u010d opciono mo\u017ee koristiti prilo\u017eeni obrazac za odustajanje od ugovora zaklju\u010denog na daljinu.<\/p>\n\n\n\n<p>Da bi se rok za odustajanje od ugovora uzeo u obzir, dovoljno je da se obave\u0161tenje u vezi sa ostvarivanjem prava potro\u0161a\u010da na odustanak od ugovora po\u0161alje pre isteka roka za odustajanje od ovog ugovora.<\/p>\n\n\n\n<p><strong><strong>U\u010dinak odustajanja od ugovora<\/strong><\/strong><\/p>\n\n\n\n<p>Ako potro\u0161a\u010d odustane od ovog ugovora, kompanija \u0107e mu nadoknaditi bez nepotrebnog odlaganja, \u00a0u svakom slu\u010daju najkasnije u roku od 14 dana od dana prijema obave\u0161tenja o odustajanju od ovog ugovora, sve primljene uplate za usluge koje nisu pru\u017eene kori\u0161\u0107enjem istog sredstva pla\u0107anja kao \u0161to je kori\u0161c\u0107no u izvr\u0161enju prvobitne transakcije, osim ako je izri\u010dito druga\u010dije ugovoreno; ni u kom slu\u010daju potro\u0161a\u010d ne\u0107e snositi nikakve tro\u0161kove kao rezultat ovog povra\u0107aja.<\/p>\n\n\n\n<p>Ukoliko obavljanje usluga po\u010dne u roku za odustajanje, potro\u0161a\u010d je du\u017ean da plati kompaniji iznos koji je srazmeran izvr\u0161enim uslugama do trenutka kada je obavestio kompaniju o odustajanju od ugovora, na osnovu celokupnog obima ugovora.<\/p>\n<\/details>\n\n\n\n<details class=\"wp-block-details is-layout-flow wp-block-details-is-layout-flow\"><summary>Obrazac za ostvarivanje prava na odustanak od ugovora<\/summary>\n<div data-wp-interactive=\"core\/file\" class=\"wp-block-file\"><object data-wp-bind--hidden=\"!state.hasPdfPreview\"  class=\"wp-block-file__embed\" data=\"https:\/\/2tm.eu\/content\/uploads\/2025\/03\/zahtev-za-odustajanje-od-ugovora.pdf\" type=\"application\/pdf\" style=\"width:100%;height:600px\" aria-label=\"Embed of Zahtev za odustajanje od ugovora.\"><\/object><a id=\"wp-block-file--media-6589610c-b96d-431f-9ecc-2353343f5ff0\" href=\"https:\/\/2tm.eu\/content\/uploads\/2025\/03\/zahtev-za-odustajanje-od-ugovora.pdf\">Zahtev za odustajanje od ugovora<\/a><a href=\"https:\/\/2tm.eu\/content\/uploads\/2025\/03\/zahtev-za-odustajanje-od-ugovora.pdf\" class=\"wp-block-file__button wp-element-button\" download aria-describedby=\"wp-block-file--media-6589610c-b96d-431f-9ecc-2353343f5ff0\">\u0421\u043a\u0430\u0447\u0430\u0442\u044c<\/a><\/div>\n<\/details>\n\n\n\n<p><strong>Podaci o kompaniji:<\/strong><\/p>\n\n\n\n<p>2TM d.o.o.<br>Dunajska cesta 106,<br>1000 Ljubljana,<br>Slovenija<\/p>\n\n\n\n<p>SI poreski broj: 86534084<br>Mati\u010dni broj: 6790798000<br>Poreski obveznik : Da (SI86534084)<br>Osnivanje preduze\u0107a: 26.2.2015 \u0433<br>Upis u sudski registar: Okro\u017eni sud u Ljubljani<br>Broj registarskog upisa: 2015\/8701<\/p>\n\n\n\n<p>Telefon: +386 59 043 716<br>E-mail: lj@2tm.si<\/p>\n\n\n\n<p>Uslovi kori\u0161\u0107enja va\u017ee od 15.3.2025.<\/p>\n<\/div><\/div>\n","protected":false},"excerpt":{"rendered":"<p>Uslovi kori\u0161\u0107enja Op\u0161te odredbe Op\u0161ti uslovi kori\u0161\u0107enja 2TM d.o.o. sa\u010dinjeni su u skladu sa Zakonom o za\u0161titi potro\u0161a\u010da (ZVPot-1), Zakonom o za\u0161titi li\u010dnih podataka (ZVOP-2) i Zakonom o elektronskim komunikacijama [&hellip;]<\/p>\n","protected":false},"author":3,"featured_media":0,"parent":0,"menu_order":0,"comment_status":"closed","ping_status":"closed","template":"","meta":{"_acf_changed":false,"footnotes":""},"acf":[],"yoast_head":"<!-- This site is optimized with the Yoast SEO Premium plugin v20.5 (Yoast SEO v20.5) - https:\/\/yoast.com\/wordpress\/plugins\/seo\/ -->\n<title>Uslovi kori\u0161c\u0301enja - 2TM<\/title>\n<meta name=\"robots\" content=\"index, follow, max-snippet:-1, max-image-preview:large, max-video-preview:-1\" \/>\n<link rel=\"canonical\" href=\"https:\/\/2tm.eu\/sr\/terms-conditions\/\" \/>\n<meta property=\"og:locale\" content=\"sr_RS\" \/>\n<meta property=\"og:type\" content=\"article\" \/>\n<meta property=\"og:title\" content=\"Uslovi kori\u0161c\u0301enja\" \/>\n<meta property=\"og:description\" content=\"Uslovi kori\u0161\u0107enja Op\u0161te odredbe Op\u0161ti uslovi kori\u0161\u0107enja 2TM d.o.o. sa\u010dinjeni su u skladu sa Zakonom o za\u0161titi potro\u0161a\u010da (ZVPot-1), Zakonom o za\u0161titi li\u010dnih podataka (ZVOP-2) i Zakonom o elektronskim komunikacijama [&hellip;]\" \/>\n<meta property=\"og:url\" content=\"https:\/\/2tm.eu\/sr\/terms-conditions\/\" \/>\n<meta property=\"og:site_name\" content=\"2TM\" \/>\n<meta property=\"article:modified_time\" content=\"2025-03-28T09:12:52+00:00\" \/>\n<meta name=\"twitter:card\" content=\"summary_large_image\" \/>\n<meta name=\"twitter:label1\" content=\"\u041f\u0440\u043e\u0446\u0435\u045a\u0435\u043d\u043e \u0432\u0440\u0435\u043c\u0435 \u0447\u0438\u0442\u0430\u045a\u0430\" \/>\n\t<meta name=\"twitter:data1\" content=\"5 \u043c\u0438\u043d\u0443\u0442\u0430\" \/>\n<script type=\"application\/ld+json\" class=\"yoast-schema-graph\">{\"@context\":\"https:\/\/schema.org\",\"@graph\":[{\"@type\":\"WebPage\",\"@id\":\"https:\/\/2tm.eu\/sr\/terms-conditions\/\",\"url\":\"https:\/\/2tm.eu\/sr\/terms-conditions\/\",\"name\":\"Uslovi kori\u0161c\u0301enja - 2TM\",\"isPartOf\":{\"@id\":\"https:\/\/2tm.eu\/en\/#website\"},\"datePublished\":\"2024-11-21T12:18:12+00:00\",\"dateModified\":\"2025-03-28T09:12:52+00:00\",\"breadcrumb\":{\"@id\":\"https:\/\/2tm.eu\/sr\/terms-conditions\/#breadcrumb\"},\"inLanguage\":\"sr-RS\",\"potentialAction\":[{\"@type\":\"ReadAction\",\"target\":[\"https:\/\/2tm.eu\/sr\/terms-conditions\/\"]}]},{\"@type\":\"BreadcrumbList\",\"@id\":\"https:\/\/2tm.eu\/sr\/terms-conditions\/#breadcrumb\",\"itemListElement\":[{\"@type\":\"ListItem\",\"position\":1,\"name\":\"Home\",\"item\":\"https:\/\/2tm.eu\/sr\/\"},{\"@type\":\"ListItem\",\"position\":2,\"name\":\"Uslovi kori\u0161c\u0301enja\"}]},{\"@type\":\"WebSite\",\"@id\":\"https:\/\/2tm.eu\/en\/#website\",\"url\":\"https:\/\/2tm.eu\/en\/\",\"name\":\"2TM\",\"description\":\"Studiraj u Europi\",\"potentialAction\":[{\"@type\":\"SearchAction\",\"target\":{\"@type\":\"EntryPoint\",\"urlTemplate\":\"https:\/\/2tm.eu\/en\/?s={search_term_string}\"},\"query-input\":\"required name=search_term_string\"}],\"inLanguage\":\"sr-RS\"}]}<\/script>\n<!-- \/ Yoast SEO Premium plugin. -->","yoast_head_json":{"title":"Uslovi kori\u0161c\u0301enja - 2TM","robots":{"index":"index","follow":"follow","max-snippet":"max-snippet:-1","max-image-preview":"max-image-preview:large","max-video-preview":"max-video-preview:-1"},"canonical":"https:\/\/2tm.eu\/sr\/terms-conditions\/","og_locale":"sr_RS","og_type":"article","og_title":"Uslovi kori\u0161c\u0301enja","og_description":"Uslovi kori\u0161\u0107enja Op\u0161te odredbe Op\u0161ti uslovi kori\u0161\u0107enja 2TM d.o.o. sa\u010dinjeni su u skladu sa Zakonom o za\u0161titi potro\u0161a\u010da (ZVPot-1), Zakonom o za\u0161titi li\u010dnih podataka (ZVOP-2) i Zakonom o elektronskim komunikacijama [&hellip;]","og_url":"https:\/\/2tm.eu\/sr\/terms-conditions\/","og_site_name":"2TM","article_modified_time":"2025-03-28T09:12:52+00:00","twitter_card":"summary_large_image","twitter_misc":{"\u041f\u0440\u043e\u0446\u0435\u045a\u0435\u043d\u043e \u0432\u0440\u0435\u043c\u0435 \u0447\u0438\u0442\u0430\u045a\u0430":"5 \u043c\u0438\u043d\u0443\u0442\u0430"},"schema":{"@context":"https:\/\/schema.org","@graph":[{"@type":"WebPage","@id":"https:\/\/2tm.eu\/sr\/terms-conditions\/","url":"https:\/\/2tm.eu\/sr\/terms-conditions\/","name":"Uslovi kori\u0161c\u0301enja - 2TM","isPartOf":{"@id":"https:\/\/2tm.eu\/en\/#website"},"datePublished":"2024-11-21T12:18:12+00:00","dateModified":"2025-03-28T09:12:52+00:00","breadcrumb":{"@id":"https:\/\/2tm.eu\/sr\/terms-conditions\/#breadcrumb"},"inLanguage":"sr-RS","potentialAction":[{"@type":"ReadAction","target":["https:\/\/2tm.eu\/sr\/terms-conditions\/"]}]},{"@type":"BreadcrumbList","@id":"https:\/\/2tm.eu\/sr\/terms-conditions\/#breadcrumb","itemListElement":[{"@type":"ListItem","position":1,"name":"Home","item":"https:\/\/2tm.eu\/sr\/"},{"@type":"ListItem","position":2,"name":"Uslovi kori\u0161c\u0301enja"}]},{"@type":"WebSite","@id":"https:\/\/2tm.eu\/en\/#website","url":"https:\/\/2tm.eu\/en\/","name":"2TM","description":"Studiraj u Europi","potentialAction":[{"@type":"SearchAction","target":{"@type":"EntryPoint","urlTemplate":"https:\/\/2tm.eu\/en\/?s={search_term_string}"},"query-input":"required name=search_term_string"}],"inLanguage":"sr-RS"}]}},"_links":{"self":[{"href":"https:\/\/2tm.eu\/sr\/wp-json\/wp\/v2\/pages\/9195"}],"collection":[{"href":"https:\/\/2tm.eu\/sr\/wp-json\/wp\/v2\/pages"}],"about":[{"href":"https:\/\/2tm.eu\/sr\/wp-json\/wp\/v2\/types\/page"}],"author":[{"embeddable":true,"href":"https:\/\/2tm.eu\/sr\/wp-json\/wp\/v2\/users\/3"}],"replies":[{"embeddable":true,"href":"https:\/\/2tm.eu\/sr\/wp-json\/wp\/v2\/comments?post=9195"}],"version-history":[{"count":4,"href":"https:\/\/2tm.eu\/sr\/wp-json\/wp\/v2\/pages\/9195\/revisions"}],"predecessor-version":[{"id":11041,"href":"https:\/\/2tm.eu\/sr\/wp-json\/wp\/v2\/pages\/9195\/revisions\/11041"}],"wp:attachment":[{"href":"https:\/\/2tm.eu\/sr\/wp-json\/wp\/v2\/media?parent=9195"}],"curies":[{"name":"wp","href":"https:\/\/api.w.org\/{rel}","templated":true}]}}