{"id":5978,"date":"2023-04-14T13:35:39","date_gmt":"2023-04-14T11:35:39","guid":{"rendered":"https:\/\/2tm.eu\/?page_id=5978"},"modified":"2023-05-30T14:48:22","modified_gmt":"2023-05-30T12:48:22","slug":"vacancies","status":"publish","type":"page","link":"https:\/\/2tm.eu\/sr\/vacancies\/","title":{"rendered":"Slobodna radna mesta 2TM"},"content":{"rendered":"\n<div class=\"wp-block-group position-relative header-slider overflow-hidden\"><div class=\"wp-block-group__inner-container is-layout-flow wp-block-group-is-layout-flow\">\n<div class=\"wp-block-group header-slider--wrapper swiper-wrapper is-content-justification-left is-layout-flex wp-container-core-group-is-layout-3 wp-block-group-is-layout-flex\">\n<div class=\"wp-block-group header-slider--slide swiper-slide\"><div class=\"wp-block-group__inner-container is-layout-flow wp-block-group-is-layout-flow\">\n<div class=\"wp-block-cover is-light\"><span aria-hidden=\"true\" class=\"wp-block-cover__background has-background-dim\"><\/span><img loading=\"lazy\" decoding=\"async\" width=\"1920\" height=\"1129\" class=\"wp-block-cover__image-background wp-image-6432\" alt=\"Moguc\u0301nost zapo\u0161ljavanja\" src=\"https:\/\/2tm.eu\/content\/uploads\/2023\/05\/vacancies.webp\" data-object-fit=\"cover\" srcset=\"https:\/\/2tm.eu\/content\/uploads\/2023\/05\/vacancies.webp 1920w, https:\/\/2tm.eu\/content\/uploads\/2023\/05\/vacancies-300x176.webp 300w, https:\/\/2tm.eu\/content\/uploads\/2023\/05\/vacancies-1024x602.webp 1024w, https:\/\/2tm.eu\/content\/uploads\/2023\/05\/vacancies-768x452.webp 768w, https:\/\/2tm.eu\/content\/uploads\/2023\/05\/vacancies-1536x903.webp 1536w\" sizes=\"(max-width: 1920px) 100vw, 1920px\" \/><div class=\"wp-block-cover__inner-container is-layout-flow wp-block-cover-is-layout-flow\">\n<div class=\"wp-block-group container\"><div class=\"wp-block-group__inner-container is-layout-flow wp-block-group-is-layout-flow\">\n<div class=\"wp-block-stackable-text stk-block-text stk-block stk-a0b2fe7\" data-block-id=\"a0b2fe7\"><style>.stk-a0b2fe7{padding-top:0px !important;padding-right:0px !important;padding-bottom:0px !important;padding-left:0px !important;margin-top:0px !important;margin-right:0px !important;margin-bottom:16px !important;margin-left:0px !important}.stk-a0b2fe7 .stk-block-text__text{font-size:32px !important;color:#ffffff !important;font-weight:800 !important;text-transform:uppercase !important}@media screen and (max-width:991px){.stk-a0b2fe7 .stk-block-text__text{font-size:32px !important}}<\/style><p class=\"stk-block-text__text has-text-color has-white-color has-text-align-center\">Slobodna radna mesta 2TM<\/p><\/div>\n<\/div><\/div>\n<\/div><\/div>\n<\/div><\/div>\n<\/div>\n<\/div><\/div>\n\n\n\n<div class=\"wp-block-group p-t-24\"><div class=\"wp-block-group__inner-container is-layout-flow wp-block-group-is-layout-flow\">\n<div class=\"wp-block-group container\"><div class=\"wp-block-group__inner-container is-layout-flow wp-block-group-is-layout-flow\">\n<div class=\"wp-block-stackable-heading stk-block-heading stk-block stk-7635c2e\" id=\"rad-u-sloveniji-dozvola-za-rad-u-sloveniji\" data-block-id=\"7635c2e\"><style>.stk-7635c2e{margin-bottom:16px !important}.stk-7635c2e .stk-block-heading__text{font-size:24px !important}@media screen and (max-width:991px){.stk-7635c2e .stk-block-heading__text{font-size:24px !important}}<\/style><h3 class=\"stk-block-heading__text\">O preduze\u0107u<\/h3><\/div>\n\n\n\n<div class=\"wp-block-stackable-text stk-block-text stk-block stk-f66c1bb\" data-block-id=\"f66c1bb\"><p class=\"stk-block-text__text\">Kompanija 2TM posluje u oblasti obrazovnih usluga. Glavno usmerenje je pomo\u0107 pri upisu na slovena\u010dke obrazovne ustanove i pri dobijanju boravi\u0161ne dozvole na osnovu studiranja.<\/p><\/div>\n\n\n\n<div class=\"wp-block-stackable-heading stk-block-heading stk-block stk-7715706\" id=\"rad-u-sloveniji-dozvola-za-rad-u-sloveniji\" data-block-id=\"7715706\"><style>.stk-7715706{margin-bottom:16px !important}.stk-7715706 .stk-block-heading__text{font-size:24px !important}@media screen and (max-width:991px){.stk-7715706 .stk-block-heading__text{font-size:24px !important}}<\/style><h3 class=\"stk-block-heading__text\">Koga \u017eelimo u kompaniji:<\/h3><\/div>\n\n\n\n<div class=\"wp-block-stackable-icon-list stk-block-icon-list stk-block stk-eba0e96\" data-block-id=\"eba0e96\"><style>.stk-eba0e96 ul li,.stk-eba0e96 ol li{line-height:28px !important}.stk-eba0e96{padding-left:16px !important}.stk-eba0e96 ol{list-style-type:decimal !important}.stk-eba0e96 ul li{list-style-image:url('data:image\/svg+xml;base64,PHN2ZyB4bWxucz0iaHR0cDovL3d3dy53My5vcmcvMjAwMC9zdmciIHZpZXdCb3g9IjAgMCAxOTAgMTkwIiBzdHlsZT0iZmlsbDogIzcyYjYyNiAhaW1wb3J0YW50OyBjb2xvcjogIzcyYjYyNiAhaW1wb3J0YW50O3RyYW5zZm9ybTogcm90YXRlKGRlZykgIWltcG9ydGFudDsiPjxwb2x5Z29uIHBvaW50cz0iMTczLjgsMjguNCA2MC40LDE0MS44IDE1LjcsOTcuMiA1LjEsMTA3LjggNjAuNCwxNjMgMTg0LjQsMzkgMTczLjgsMjguNCIgZmlsbD0iIzcyYjYyNiIgc3Ryb2tlPSIjNzJiNjI2IiBzdHlsZT0iZmlsbDogcmdiKDExNCwgMTgyLCAzOCk7IHN0cm9rZTogcmdiKDExNCwgMTgyLCAzOCk7Ii8+PC9zdmc+') !important}.stk-eba0e96 li::marker{color:#72b626 !important;font-size:2em !important}<\/style><ul><li>Po\u0161tene i odgovorne kolege.<\/li><li>Stru\u010dnjake sa radnim iskustvom koji znaju da brzo i profesionalno obave postavljene zadatke.<\/li><li>Ljudi sa visokim obrazovanjem i kreativnim na\u010dinom razmi\u0161ljanja, koji su spremni da tra\u017ee nova re\u0161enja.<\/li><\/ul><\/div>\n\n\n\n<div class=\"wp-block-stackable-heading stk-block-heading stk-block stk-497631f\" id=\"rad-u-sloveniji-dozvola-za-rad-u-sloveniji\" data-block-id=\"497631f\"><style>.stk-497631f{margin-bottom:16px !important}.stk-497631f .stk-block-heading__text{font-size:24px !important}@media screen and (max-width:991px){.stk-497631f .stk-block-heading__text{font-size:24px !important}}<\/style><h3 class=\"stk-block-heading__text\">Slobodna radna mesta u kompaniji.<\/h3><\/div>\n\n\n\n<div class=\"wp-block-stackable-columns stk-block-columns stk-block stk-a668076\" data-block-id=\"a668076\"><style>.stk-a668076{border-radius:20px !important;overflow:hidden !important;border-style:solid !important;border-color:#41a63e !important;border-top-width:1px !important;border-right-width:1px !important;border-bottom-width:1px !important;border-left-width:1px !important}.stk-a668076{padding-right:20px !important;padding-left:20px !important}<\/style><div class=\"stk-row stk-inner-blocks stk-block-content stk-content-align stk-a668076-column\">\n<div class=\"wp-block-stackable-column stk-block-column stk-block-column--v2 stk-column stk-block stk-792ff1c\" data-block-id=\"792ff1c\"><style>.stk-792ff1c-container{border-radius:20px !important;overflow:hidden !important}<\/style><div class=\"stk-column-wrapper stk-block-column__content stk-container stk-792ff1c-container stk--no-background stk--no-padding\"><div class=\"stk-block-content stk-inner-blocks stk-792ff1c-inner-blocks\">\n<div class=\"wp-block-group\"><div class=\"wp-block-group__inner-container is-layout-constrained wp-block-group-is-layout-constrained\">\n<h2 class=\"has-24-font-size wp-block-heading\" id=\"h-komercialista-za-zapadni-balkan-m-z\"><strong><strong><strong><strong><strong>Komercialista za zapadni balkan \u2013 m\/\u017e<\/strong><\/strong><\/strong><\/strong><\/strong><\/h2>\n\n\n\n<p><strong>Opis poslova i zadataka:<\/strong> prodaja i marketing usluga kompanije, briga o kupcima i stru\u010dno savetovanje, priprema i zaklju\u010divanje ugovora, proverba i arhiviranje dokumenata, poznavanje tehnike prodaje i pregovaranja, odli\u010dne komunikacijske ve\u0161tine, saradnja sa marketing slu\u017ebom, ostali zadaci prema uputstvima pretpostavljenog. Povremeni rad na terenu &#8211; u\u010de\u0161\u0107e na sajmovima, prezentacije u inostranstvu.<br><strong>Obrazovanje:<\/strong> ekonomija, menad\u017ement, organizacija, ju\u017enoslovenska lingvistika<br><strong>Trajanje radnog odnosa:<\/strong> po dogovoru<br><strong>Radno iskustvo: <\/strong>12 meseci<br><strong>Potrebno obrazovanje: <\/strong><br>\u2013 Nivo obrazovanja: visoko obrazovanje, stru\u010dno, univerzitet<br>\u2013 Oblast obrazovanja: ekonomija, menad\u017ement, organizacija, ju\u017enoslovenska lingvistika<br><strong>Alternativno:<br><\/strong>&#8211; Nivo obrazovanja: srednje\u0161kolsko<br>&#8211; Oblast obrazovanja: ekonomija, poslovanje i upravljanje, menad\u017ement, ju\u017enoslovenska lingvistika<br>Potrebno poznavanje jezika:<br>&#8211; SLOVENA\u010cKI: te\u010dno razumevanje, pisanje i govorenje<br>&#8211; SRPSKI: te\u010dno razumevanje, pisanje i govorenje<br>&#8211; RUSKI<br><strong>Ostali uslovi:<\/strong> samostalnost i istovremeno timski rad, samoinicijativnost,&nbsp; ljubaznost i veselje u radu sa ljudima, odli\u010dne sposobnosti verbalne i pismene komunikacije, ta\u010dnost, dinami\u010dnost i snala\u017eljivost, pouzdanost i odgovornost, poznavanje rada na ra\u010dunaru (MS Office, upotreba interneta, FB).<br>Po\u017eeljno je poznavanje slovena\u010dkog obrazovnog sistema.<br><strong>Radno mesto se nalazi u Ljubljani.<br>Svoju prijavu sa CV po\u0161aljite na <a href=\"mailto:cv@2tm.si\">cv@2tm.si<\/a>.<\/strong><\/p>\n<\/div><\/div>\n<\/div><\/div><\/div>\n<\/div><\/div>\n<\/div><\/div>\n<\/div><\/div>\n","protected":false},"excerpt":{"rendered":"<p>O preduze\u0107u Kompanija 2TM posluje u oblasti obrazovnih usluga. Glavno usmerenje je pomo\u0107 pri upisu na slovena\u010dke obrazovne ustanove i pri dobijanju boravi\u0161ne dozvole na osnovu studiranja. Koga \u017eelimo u [&hellip;]<\/p>\n","protected":false},"author":14,"featured_media":0,"parent":0,"menu_order":0,"comment_status":"closed","ping_status":"closed","template":"","meta":{"_acf_changed":false,"footnotes":""},"acf":[],"yoast_head":"<!-- This site is optimized with the Yoast SEO Premium plugin v20.5 (Yoast SEO v20.5) - https:\/\/yoast.com\/wordpress\/plugins\/seo\/ -->\n<title>Slobodna radna mesta 2TM - 2TM<\/title>\n<meta name=\"robots\" content=\"noindex, follow\" \/>\n<meta property=\"og:locale\" content=\"sr_RS\" \/>\n<meta property=\"og:type\" content=\"article\" \/>\n<meta property=\"og:title\" content=\"Slobodna radna mesta 2TM\" \/>\n<meta property=\"og:description\" content=\"O preduze\u0107u Kompanija 2TM posluje u oblasti obrazovnih usluga. Glavno usmerenje je pomo\u0107 pri upisu na slovena\u010dke obrazovne ustanove i pri dobijanju boravi\u0161ne dozvole na osnovu studiranja. Koga \u017eelimo u [&hellip;]\" \/>\n<meta property=\"og:url\" content=\"https:\/\/2tm.eu\/sr\/vacancies\/\" \/>\n<meta property=\"og:site_name\" content=\"2TM\" \/>\n<meta property=\"article:modified_time\" content=\"2023-05-30T12:48:22+00:00\" \/>\n<meta property=\"og:image\" content=\"https:\/\/2tm.eu\/content\/uploads\/2023\/05\/vacancies.webp\" \/>\n<meta name=\"twitter:card\" content=\"summary_large_image\" \/>\n<meta name=\"twitter:label1\" content=\"\u041f\u0440\u043e\u0446\u0435\u045a\u0435\u043d\u043e \u0432\u0440\u0435\u043c\u0435 \u0447\u0438\u0442\u0430\u045a\u0430\" \/>\n\t<meta name=\"twitter:data1\" content=\"2 \u043c\u0438\u043d\u0443\u0442\u0430\" \/>\n<script type=\"application\/ld+json\" class=\"yoast-schema-graph\">{\"@context\":\"https:\/\/schema.org\",\"@graph\":[{\"@type\":\"WebPage\",\"@id\":\"https:\/\/2tm.eu\/sr\/vacancies\/\",\"url\":\"https:\/\/2tm.eu\/sr\/vacancies\/\",\"name\":\"Slobodna radna mesta 2TM - 2TM\",\"isPartOf\":{\"@id\":\"https:\/\/2tm.eu\/en\/#website\"},\"datePublished\":\"2023-04-14T11:35:39+00:00\",\"dateModified\":\"2023-05-30T12:48:22+00:00\",\"breadcrumb\":{\"@id\":\"https:\/\/2tm.eu\/sr\/vacancies\/#breadcrumb\"},\"inLanguage\":\"sr-RS\",\"potentialAction\":[{\"@type\":\"ReadAction\",\"target\":[\"https:\/\/2tm.eu\/sr\/vacancies\/\"]}]},{\"@type\":\"BreadcrumbList\",\"@id\":\"https:\/\/2tm.eu\/sr\/vacancies\/#breadcrumb\",\"itemListElement\":[{\"@type\":\"ListItem\",\"position\":1,\"name\":\"Home\",\"item\":\"https:\/\/2tm.eu\/sr\/\"},{\"@type\":\"ListItem\",\"position\":2,\"name\":\"Slobodna radna mesta 2TM\"}]},{\"@type\":\"WebSite\",\"@id\":\"https:\/\/2tm.eu\/en\/#website\",\"url\":\"https:\/\/2tm.eu\/en\/\",\"name\":\"2TM\",\"description\":\"Studiraj u Europi\",\"potentialAction\":[{\"@type\":\"SearchAction\",\"target\":{\"@type\":\"EntryPoint\",\"urlTemplate\":\"https:\/\/2tm.eu\/en\/?s={search_term_string}\"},\"query-input\":\"required name=search_term_string\"}],\"inLanguage\":\"sr-RS\"}]}<\/script>\n<!-- \/ Yoast SEO Premium plugin. -->","yoast_head_json":{"title":"Slobodna radna mesta 2TM - 2TM","robots":{"index":"noindex","follow":"follow"},"og_locale":"sr_RS","og_type":"article","og_title":"Slobodna radna mesta 2TM","og_description":"O preduze\u0107u Kompanija 2TM posluje u oblasti obrazovnih usluga. Glavno usmerenje je pomo\u0107 pri upisu na slovena\u010dke obrazovne ustanove i pri dobijanju boravi\u0161ne dozvole na osnovu studiranja. Koga \u017eelimo u [&hellip;]","og_url":"https:\/\/2tm.eu\/sr\/vacancies\/","og_site_name":"2TM","article_modified_time":"2023-05-30T12:48:22+00:00","og_image":[{"url":"https:\/\/2tm.eu\/content\/uploads\/2023\/05\/vacancies.webp"}],"twitter_card":"summary_large_image","twitter_misc":{"\u041f\u0440\u043e\u0446\u0435\u045a\u0435\u043d\u043e \u0432\u0440\u0435\u043c\u0435 \u0447\u0438\u0442\u0430\u045a\u0430":"2 \u043c\u0438\u043d\u0443\u0442\u0430"},"schema":{"@context":"https:\/\/schema.org","@graph":[{"@type":"WebPage","@id":"https:\/\/2tm.eu\/sr\/vacancies\/","url":"https:\/\/2tm.eu\/sr\/vacancies\/","name":"Slobodna radna mesta 2TM - 2TM","isPartOf":{"@id":"https:\/\/2tm.eu\/en\/#website"},"datePublished":"2023-04-14T11:35:39+00:00","dateModified":"2023-05-30T12:48:22+00:00","breadcrumb":{"@id":"https:\/\/2tm.eu\/sr\/vacancies\/#breadcrumb"},"inLanguage":"sr-RS","potentialAction":[{"@type":"ReadAction","target":["https:\/\/2tm.eu\/sr\/vacancies\/"]}]},{"@type":"BreadcrumbList","@id":"https:\/\/2tm.eu\/sr\/vacancies\/#breadcrumb","itemListElement":[{"@type":"ListItem","position":1,"name":"Home","item":"https:\/\/2tm.eu\/sr\/"},{"@type":"ListItem","position":2,"name":"Slobodna radna mesta 2TM"}]},{"@type":"WebSite","@id":"https:\/\/2tm.eu\/en\/#website","url":"https:\/\/2tm.eu\/en\/","name":"2TM","description":"Studiraj u Europi","potentialAction":[{"@type":"SearchAction","target":{"@type":"EntryPoint","urlTemplate":"https:\/\/2tm.eu\/en\/?s={search_term_string}"},"query-input":"required name=search_term_string"}],"inLanguage":"sr-RS"}]}},"_links":{"self":[{"href":"https:\/\/2tm.eu\/sr\/wp-json\/wp\/v2\/pages\/5978"}],"collection":[{"href":"https:\/\/2tm.eu\/sr\/wp-json\/wp\/v2\/pages"}],"about":[{"href":"https:\/\/2tm.eu\/sr\/wp-json\/wp\/v2\/types\/page"}],"author":[{"embeddable":true,"href":"https:\/\/2tm.eu\/sr\/wp-json\/wp\/v2\/users\/14"}],"replies":[{"embeddable":true,"href":"https:\/\/2tm.eu\/sr\/wp-json\/wp\/v2\/comments?post=5978"}],"version-history":[{"count":6,"href":"https:\/\/2tm.eu\/sr\/wp-json\/wp\/v2\/pages\/5978\/revisions"}],"predecessor-version":[{"id":6956,"href":"https:\/\/2tm.eu\/sr\/wp-json\/wp\/v2\/pages\/5978\/revisions\/6956"}],"wp:attachment":[{"href":"https:\/\/2tm.eu\/sr\/wp-json\/wp\/v2\/media?parent=5978"}],"curies":[{"name":"wp","href":"https:\/\/api.w.org\/{rel}","templated":true}]}}