{"id":161,"date":"2022-05-04T09:35:09","date_gmt":"2022-05-04T09:35:09","guid":{"rendered":"https:\/\/2tm.eu\/?page_id=161"},"modified":"2023-03-02T13:23:08","modified_gmt":"2023-03-02T12:23:08","slug":"privacy-policy","status":"publish","type":"page","link":"https:\/\/2tm.eu\/sr\/privacy-policy\/","title":{"rendered":"Politika privatnosti i za\u0161tita va\u0161ih li\u010dnih podataka"},"content":{"rendered":"\n<div class=\"wp-block-group container\"><div class=\"wp-block-group__inner-container is-layout-flow wp-block-group-is-layout-flow\">\n<p><strong>Politika privatnosti i za\u0161tita va\u0161ih li\u010dnih podataka<\/strong><\/p>\n\n\n\n<p>Kompanija 2TM d.o.o (u daljem tekstu: kompanija) vodi ra\u010duna o sigurnosti va\u0161ih li\u010dnih podataka. Mi uzimamo kontakt informacije i neke li\u010dne podatke od lica koja pose\u0107uju sajt kompanije i \u017eele da dobiju detaljnije informacije o uslugama kompanije i sa tim ciljem sa povezuju sa nama, popunjavaju\u0107i onlajn obrazac na sajtu, putem elektronske po\u0161te ili telefonskim pozivom.<\/p>\n\n\n\n<p><strong>1.&nbsp;Za obradu li\u010dnih podataka na\u0161a kompanija primenjuje slede\u0107e principe:<\/strong><\/p>\n\n\n\n<p>&#8211; kompanija prikuplja, obra\u0111uje i \u010duva li\u010dne podakte na zakonit, ispravan i transparentan na\u010din;<\/p>\n\n\n\n<p>&#8211; pre prijema li\u010dnih podataka kompanija je definisala sve legitimne svrhe za njihovo prikupljanje, obradu i \u010duvanje; kompanija ne obra\u0111uje podatke koji su nekompatibilni sa ovim ciljevima;<\/p>\n\n\n\n<p>&#8211; sakupljanje, obrada i \u010duvanje li\u010dnih podataka se vr\u0161i isklju\u010divo voljom i sa saglasno\u0161\u0107u vlasnika odnosno subjekta tih li\u010dnih podataka;<\/p>\n\n\n\n<p>&#8211; u svrhu obrade li\u010dnih podataka, kompanija uvek postupa u skladu sa obimom, prirodom, na\u010dinom i vremenom obrade i \u010duvanja li\u010dnih podataka;<\/p>\n\n\n\n<p>&#8211; sam subjekt podataka je odgovoran za validnost, ta\u010dnost i relevantnost li\u010dnih podataka;<\/p>\n\n\n\n<p>&#8211; li\u010dni podaci u obliku koji omogu\u0107ava identifikaciju nosioca podataka, \u010duvaju se samo vreme i samo u meri koja je neophodna za obradu li\u010dnih podataka;<\/p>\n\n\n\n<p>&#8211; kompanija garantuje da \u0107e uni\u0161titi li\u010dne podatke nakon postizanja cilja obrade ili kada dobije zahtev za uni\u0161tenje sa strabe subjekta li\u010dnih podataka osim ako nas zakon ne obavezuje da te podatke i dalje \u010duvamo.<\/p>\n\n\n\n<p><strong>2. Kompanija prikuplja, obra\u0111uje i \u010duva li\u010dne podatke u slede\u0107e svrhe:<\/strong><\/p>\n\n\n\n<p>&#8211; da obezbedi sredstva komunikacije sa kompanijom putem veb obrasca i drugih internetnih komukacionih sistema;<\/p>\n\n\n\n<p>&#8211; da vr\u0161i li\u010dnu i anonimnu analizu u skladu sa iskazanim interesima subjekta li\u010dnih podataka o predmetu delatnosti kompanije;<\/p>\n\n\n\n<p>&#8211; za zaklju\u010divanje i izvr\u0161enje ugovora sa subjektom li\u010dnih podataka;<\/p>\n\n\n\n<p>&#8211; za marketing usluga kompanije;<\/p>\n\n\n\n<p>&#8211; da sprovodi ankete, kampanje i istra\u017eivanja;<\/p>\n\n\n\n<p>&#8211; izrada internih statisti\u010dkij izve\u0161taja za ciljeve daljeg razvoja kompanije.<\/p>\n\n\n\n<p><strong>3. Koje vrste li\u010dnih podataka prikuplja na\u0161a kompanija?<\/strong><\/p>\n\n\n\n<p>Ve\u0107ina onlajn resursa kompanije (veb stranica, Skype, Whatsapp, Viber, Facebook i drugi) mogu se koristiti bez otkrivanja va\u0161eg identiteta. Ako se registrujete na veb stranici na\u0161e kompanije putem veb obrasca, ili komunicirate sa kompanijom putem internetnim komunikacionih sistema (Skype, Whatsapp, Viber, Facebook i drugi), elektronom po\u0161tom ili telefonom, ili koristite neki drugi na\u010din komunikacije, kompanija pita za va\u0161e ime i prezime, va\u0161u email adresu, broj telefona, ako vam odgovara neki drugi vid komunikacije, koji su va\u0161i interesi u domenu poslovanja kompanije.<\/p>\n\n\n\n<p>U slu\u010daju da je va\u0161 zahtev konkretniji i potreben su vam detaljne informacije, komapija tra\u017ei i va\u0161 datum\/godinu ro\u0111enja, dr\u017eavu prebivali\u0161ta, podatke o ste\u010denom stepenu obrazovanja i, u skladu sa ugovorom, i druge dodatne informacije. \u017delimo da naglasimo da lista informacija koje prikupljamo mo\u017ee da varira u zavisnosti od veb komunikacionog sistema koji koristite.<\/p>\n\n\n\n<p>Na kraju, uvek je va\u0161a odluka da re\u0161ite koje informacije dajete kompaniji. Na\u0161a kompanije prikuplja isklju\u010divo delove li\u010dnih podataka koje nam date dobrovoljno i direktno nama. U bilokojoj fazi, uvek smo tu da vas obavestimo ta\u010dno koje informacije su potrebne kompaniji, da bi vam pru\u017eila uslugu za koju se zanimate.<\/p>\n\n\n\n<p><strong>4. Kola\u010di\u0107i<\/strong><\/p>\n\n\n\n<p>Kola\u010di\u0107i su datoteke servisa podataka koje ubrzavaju stalni pristup na\u0161oj veb lokaciji. Kola\u010di\u0107i \u010duvaju pojedina\u010dna korisni\u010dka pode\u0161avanja koja korisnik odredi prilikom posete sajtu.<\/p>\n\n\n\n<p>Ove datoteke se \u010duvaju na ra\u010dunarima i drugim ure\u0111ajima koji se koriste za pristup veb lokacijama. Uvek mo\u017eete da izbri\u0161ete ili onemogu\u0107ite kola\u010di\u0107e u pode\u0161avanjima pretra\u017eiva\u010da.<\/p>\n\n\n\n<p><strong>5. Siguran pristup li\u010dnim podacima u kompaniji<\/strong><\/p>\n\n\n\n<p>Za svu bezbednost podataka, uklju\u010duju\u0107i i one koji se \u0161alju preko veb lokacija, koristimo HTTPS protokol. Kori\u0161\u0107enje SSL kriptografskog protokola obezbe\u0111uje \u0161ifrovanje podataka na putu izme\u0111u servera i va\u0161eg veb pretra\u017eiva\u010da.<\/p>\n\n\n\n<p>Li\u010dni podaci klijenata Kompanije \u010duvaju se u elektronskom obliku na serverima u korporativnom skladi\u0161tu koje je za\u0161ti\u0107eno sistemima kontrole pristupa, sistemom revizije i antivirusnom za\u0161titom.<\/p>\n\n\n\n<p><strong>6. Statisti\u010dka analiza<\/strong><\/p>\n\n\n\n<p>Sajt koristi alate za statisti\u010dku analizu ulaznih podataka u cilju pobolj\u0161anja kvaliteta pru\u017eenih usluga.<\/p>\n\n\n\n<p>&#8211; Informacije o poseti veb-sajtu \u010duvamo u takozvanim elektronskim evidencijama (log fajlovima) na veb serveru.<\/p>\n\n\n\n<p>&#8211; U cilju prikupljanja i analize podataka na na\u0161oj veb stranici i maksimiziranja efikasnosti na\u0161ih kampanja, na\u0161 sajt koristi eksterne analiti\u010dke usluge na mre\u017ei koje nude Google Inc., Yandex i Facebook.<\/p>\n\n\n\n<p>Eksterni dobavlja\u010di usluga veb analitike \u010duvaju datoteke sa podacima o uslugama klijenta kako bi analizirali upotrebu sajta od strane posetilaca. Ako ne \u017eelite da ovi provajderi koriste informacije o va\u0161im aktivnostima na na\u0161oj veb stranici, mo\u017eete deaktivirati JavaScript u svom pretra\u017eiva\u010du. Me\u0111utim, u ovom slu\u010daju ne\u0107ete mo\u0107i da koristite eksterne izvore informacija objavljene na na\u0161oj veb stranici.<\/p>\n\n\n\n<p><strong>7. Eksterni izvori informacija<\/strong><\/p>\n\n\n\n<p>&#8211; Dobavlja\u010d kartografije Google Maps by Google Inc prikazuje interaktivne mape i uputstva za vo\u017enju do na\u0161ih kancelarija.<\/p>\n\n\n\n<p>&#8211; Vid\u017eeti na\u0161ih stranica u dru\u0161tvenim mre\u017eama Facebook i VKontakte prikazuju aktuelne informacije o temi sajta.<\/p>\n\n\n\n<p>&#8211; Ikone sa linkovima do razli\u010ditih dru\u0161tvenih mre\u017ea kao \u0161to su Facebook, Vkontakte, Twitter, Google+ i tako dalje.<\/p>\n\n\n\n<p>&#8211; Linkovi ka sajtovima \u2013 hiperveze ka drugim sajtovima. Klikom na ove linkove prebacujete se sa na\u0161eg sajta direktno na tre\u0107u lokaciju.<\/p>\n\n\n\n<p>Kori\u0161\u0107enje eksternih informacionih resursa je regulisano operaterima odgovaraju\u0107ih resursa: veb sajta, dru\u0161tvene mre\u017ee, servisa i sl. Bez obzira na okolnosti i podatke preuzete sa na\u0161e veb stranice, spoljni operateri nemaju pristup li\u010dnim podacima posetilaca na\u0161eg sajta.<\/p>\n\n\n\n<p><strong>8. Pretplata na newsletter<\/strong><\/p>\n\n\n\n<p>Mehanizam distribucije newslettera putem na\u0161e veb stranice vr\u0161i eksterni servis. U okviru ove usluge pru\u017eamo samo informacije navedene u trenutku prijave korisnika na newsletter, jer su ti podaci samo tehni\u010dke prirode, za slanje newslettera. Mo\u017eete da otka\u017eete pretplatu u bilo kom trenutku, samo kliknite na \u201eOtka\u017ei pretplatu\u201c, koja je dostupna na kraju svakog na\u0161eg newslettera.<\/p>\n\n\n\n<p><strong>9. Mere predostro\u017enosti<\/strong><\/p>\n\n\n\n<p>U okviru re\u0161enja donetih radi za\u0161tite li\u010dnih podataka, na\u0161i stru\u010dnjaci su sproveli i odre\u0111ene tehni\u010dke i organizacione mere za\u0161tite od namerne ili nenamerne manipulacije podacima, neovla\u0161\u0107enog pristupa i izmene ili uni\u0161tavanja informacija.<\/p>\n\n\n\n<p>Prenos podataka na\u0161eg klijenta sa sajta se vr\u0161i preko \u0161ifrovanog komunikacionog kanala kori\u0161\u0107enjem SSL sertifikata. Ure\u0111aji koji se koriste za \u010duvanje podataka opremljeni su sistemima za autentifikaciju, autorizaciju i reviziju zaposlenih, kao i za\u0161ti\u010deni za\u0161titnim zidovima i antivirusnim softverom.<\/p>\n\n\n\n<p>Uprkos svim merama predostro\u017enosti, mora biti jasno \u2013 prenos podataka na mre\u017ei uvek sadr\u017ei odre\u0111eni nivo bezbednosnih rizika. Informacioni paketi koji putuju od po\u0161iljaoca do primaoca putem Interneta prolaze kroz nekoliko me\u0111usklopnih \u010dvorova (ra\u010dunara). Nivo pristupa ovim gate-ovima odre\u0111uju njihovi vlasnici. Upotreba ovakvih tehni\u010dkih re\u0161enja stoga isklju\u010duje apsolutnu za\u0161titu prosle\u0111enih informacionih paketa od pristupa tre\u0107e strane.<\/p>\n\n\n\n<p>Shodno tome, ako koristite Internet za prenos poverljivih dokumenata, tako\u0111e treba da budete svesni svoje odgovornosti da za\u0161titite prenete podatke.<\/p>\n\n\n\n<p>Savetujemo vam da za\u0161titite svoje podatke od zloupotrebe \u0161ifrovanjem, lozinkama ili drugim sredstvima. Za slanje poverljivih dokumenata preporu\u010dujemo da koristite obi\u010dnu po\u0161tu.<\/p>\n\n\n\n<p><strong>10. Vremenska ograni\u010denja \u010duvanja li\u010dnih podataka u kompaniji<\/strong><\/p>\n\n\n\n<p>Kompanije \u010duva \u010di\u010dne podatke pet (5) godina od dana davanja saglasnosti nosioca podataka ili do datuma pismenog zahteva za brisanje podataka sa strane nosioca podataka.<\/p>\n\n\n\n<p><strong>11. Prenos li\u010dnih podataja tre\u0107im licima<\/strong><\/p>\n\n\n\n<p>Kompanija ne otkriva ste\u010dene li\u010dne podatke, osim u slu\u010dajevima kada to nala\u017ee zakon. Ovo uklju\u010duje zahteve ra\u010dunovodstvenog upravljanja i slu\u010dajeve u kojima subjekt li\u010dnih podataka ovla\u0161\u0107uje lice da prenese li\u010dne podatke tre\u0107oj strani i\/ili ovla\u0161\u0107enim predstavnicima kompanije \u2013 u potpunosti ili delimi\u010dno. Ovla\u0161\u0107eni predstavnici kompanije prikupljaju, obra\u0111uju i \u010duvaju li\u010dne podatke u skladu sa politikom Kompanije o za\u0161titi li\u010dnih podataka.<\/p>\n\n\n\n<p><strong>12. Va\u0161a prava u vezi sa li\u010dnim podacima koje dajete kompaniji<\/strong><\/p>\n\n\n\n<p>Svaki vlasnik li\u010dnih podataka ima pravo da dobije informaciju od kompanije o tome koje specifi\u010dne li\u010dne podatke subjekta obra\u0111uje i \u010duva. Subjekat li\u010dnih podataka tako\u0111e ima pravo da kopira, a\u017eurira i ispravlja li\u010dne podatke i da zahteva ograni\u010denje obrade i \u010duvanja njegovih\/njenih li\u010dnih podataka. Subjekt tako\u0111e ima pravo da prenese podatke (u celini ili delimi\u010dno) ili da ih izbri\u0161e iz baze podataka kompanije.<\/p>\n\n\n\n<p><strong>13. Kontakt u slu\u010daju pitanja u vezi sa li\u010dnim podacima<\/strong><\/p>\n\n\n\n<p>Da biste dobili dodatne informacije u vezi sa va\u0161im li\u010dnim podacima i da biste poslali sve poruke u vezi sa va\u0161im \u017eeljama da izvr\u0161ite bilo kakve radnje vezane za podatke, kontaktirajte:<a href=\"mailto:contact:&nbsp;lj@2tm.si\">lj@2tm.si<\/a>.<\/p>\n\n\n\n<p><em>Direktor kompanije Alexandr Polyakov<br>Company 2\u0422\u041c d.o.o.<br>Slovenija, Ljubljana<br>Dunajska cesta 106<br>+386 59 043 716<\/em><\/p>\n<\/div><\/div>\n","protected":false},"excerpt":{"rendered":"<p>Politika privatnosti i za\u0161tita va\u0161ih li\u010dnih podataka Kompanija 2TM d.o.o (u daljem tekstu: kompanija) vodi ra\u010duna o sigurnosti va\u0161ih li\u010dnih podataka. Mi uzimamo kontakt informacije i neke li\u010dne podatke od [&hellip;]<\/p>\n","protected":false},"author":1,"featured_media":0,"parent":0,"menu_order":0,"comment_status":"closed","ping_status":"closed","template":"","meta":{"_acf_changed":false,"footnotes":""},"acf":[],"yoast_head":"<!-- This site is optimized with the Yoast SEO Premium plugin v20.5 (Yoast SEO v20.5) - https:\/\/yoast.com\/wordpress\/plugins\/seo\/ -->\n<title>Politika privatnosti i za\u0161tita va\u0161ih li\u010dnih podataka - 2TM<\/title>\n<meta name=\"robots\" content=\"index, follow, max-snippet:-1, max-image-preview:large, max-video-preview:-1\" \/>\n<link rel=\"canonical\" href=\"https:\/\/2tm.eu\/sr\/privacy-policy\/\" \/>\n<meta property=\"og:locale\" content=\"sr_RS\" \/>\n<meta property=\"og:type\" content=\"article\" \/>\n<meta property=\"og:title\" content=\"Politika privatnosti i za\u0161tita va\u0161ih li\u010dnih podataka\" \/>\n<meta property=\"og:description\" content=\"Politika privatnosti i za\u0161tita va\u0161ih li\u010dnih podataka Kompanija 2TM d.o.o (u daljem tekstu: kompanija) vodi ra\u010duna o sigurnosti va\u0161ih li\u010dnih podataka. Mi uzimamo kontakt informacije i neke li\u010dne podatke od [&hellip;]\" \/>\n<meta property=\"og:url\" content=\"https:\/\/2tm.eu\/sr\/privacy-policy\/\" \/>\n<meta property=\"og:site_name\" content=\"2TM\" \/>\n<meta property=\"article:modified_time\" content=\"2023-03-02T12:23:08+00:00\" \/>\n<meta name=\"twitter:card\" content=\"summary_large_image\" \/>\n<meta name=\"twitter:label1\" content=\"\u041f\u0440\u043e\u0446\u0435\u045a\u0435\u043d\u043e \u0432\u0440\u0435\u043c\u0435 \u0447\u0438\u0442\u0430\u045a\u0430\" \/>\n\t<meta name=\"twitter:data1\" content=\"6 \u043c\u0438\u043d\u0443\u0442\u0430\" \/>\n<script type=\"application\/ld+json\" class=\"yoast-schema-graph\">{\"@context\":\"https:\/\/schema.org\",\"@graph\":[{\"@type\":\"WebPage\",\"@id\":\"https:\/\/2tm.eu\/sr\/privacy-policy\/\",\"url\":\"https:\/\/2tm.eu\/sr\/privacy-policy\/\",\"name\":\"Politika privatnosti i za\u0161tita va\u0161ih li\u010dnih podataka - 2TM\",\"isPartOf\":{\"@id\":\"https:\/\/2tm.eu\/en\/#website\"},\"datePublished\":\"2022-05-04T09:35:09+00:00\",\"dateModified\":\"2023-03-02T12:23:08+00:00\",\"breadcrumb\":{\"@id\":\"https:\/\/2tm.eu\/sr\/privacy-policy\/#breadcrumb\"},\"inLanguage\":\"sr-RS\",\"potentialAction\":[{\"@type\":\"ReadAction\",\"target\":[\"https:\/\/2tm.eu\/sr\/privacy-policy\/\"]}]},{\"@type\":\"BreadcrumbList\",\"@id\":\"https:\/\/2tm.eu\/sr\/privacy-policy\/#breadcrumb\",\"itemListElement\":[{\"@type\":\"ListItem\",\"position\":1,\"name\":\"Home\",\"item\":\"https:\/\/2tm.eu\/sr\/\"},{\"@type\":\"ListItem\",\"position\":2,\"name\":\"Politika privatnosti i za\u0161tita va\u0161ih li\u010dnih podataka\"}]},{\"@type\":\"WebSite\",\"@id\":\"https:\/\/2tm.eu\/en\/#website\",\"url\":\"https:\/\/2tm.eu\/en\/\",\"name\":\"2TM\",\"description\":\"Studiraj u Europi\",\"potentialAction\":[{\"@type\":\"SearchAction\",\"target\":{\"@type\":\"EntryPoint\",\"urlTemplate\":\"https:\/\/2tm.eu\/en\/?s={search_term_string}\"},\"query-input\":\"required name=search_term_string\"}],\"inLanguage\":\"sr-RS\"}]}<\/script>\n<!-- \/ Yoast SEO Premium plugin. -->","yoast_head_json":{"title":"Politika privatnosti i za\u0161tita va\u0161ih li\u010dnih podataka - 2TM","robots":{"index":"index","follow":"follow","max-snippet":"max-snippet:-1","max-image-preview":"max-image-preview:large","max-video-preview":"max-video-preview:-1"},"canonical":"https:\/\/2tm.eu\/sr\/privacy-policy\/","og_locale":"sr_RS","og_type":"article","og_title":"Politika privatnosti i za\u0161tita va\u0161ih li\u010dnih podataka","og_description":"Politika privatnosti i za\u0161tita va\u0161ih li\u010dnih podataka Kompanija 2TM d.o.o (u daljem tekstu: kompanija) vodi ra\u010duna o sigurnosti va\u0161ih li\u010dnih podataka. Mi uzimamo kontakt informacije i neke li\u010dne podatke od [&hellip;]","og_url":"https:\/\/2tm.eu\/sr\/privacy-policy\/","og_site_name":"2TM","article_modified_time":"2023-03-02T12:23:08+00:00","twitter_card":"summary_large_image","twitter_misc":{"\u041f\u0440\u043e\u0446\u0435\u045a\u0435\u043d\u043e \u0432\u0440\u0435\u043c\u0435 \u0447\u0438\u0442\u0430\u045a\u0430":"6 \u043c\u0438\u043d\u0443\u0442\u0430"},"schema":{"@context":"https:\/\/schema.org","@graph":[{"@type":"WebPage","@id":"https:\/\/2tm.eu\/sr\/privacy-policy\/","url":"https:\/\/2tm.eu\/sr\/privacy-policy\/","name":"Politika privatnosti i za\u0161tita va\u0161ih li\u010dnih podataka - 2TM","isPartOf":{"@id":"https:\/\/2tm.eu\/en\/#website"},"datePublished":"2022-05-04T09:35:09+00:00","dateModified":"2023-03-02T12:23:08+00:00","breadcrumb":{"@id":"https:\/\/2tm.eu\/sr\/privacy-policy\/#breadcrumb"},"inLanguage":"sr-RS","potentialAction":[{"@type":"ReadAction","target":["https:\/\/2tm.eu\/sr\/privacy-policy\/"]}]},{"@type":"BreadcrumbList","@id":"https:\/\/2tm.eu\/sr\/privacy-policy\/#breadcrumb","itemListElement":[{"@type":"ListItem","position":1,"name":"Home","item":"https:\/\/2tm.eu\/sr\/"},{"@type":"ListItem","position":2,"name":"Politika privatnosti i za\u0161tita va\u0161ih li\u010dnih podataka"}]},{"@type":"WebSite","@id":"https:\/\/2tm.eu\/en\/#website","url":"https:\/\/2tm.eu\/en\/","name":"2TM","description":"Studiraj u Europi","potentialAction":[{"@type":"SearchAction","target":{"@type":"EntryPoint","urlTemplate":"https:\/\/2tm.eu\/en\/?s={search_term_string}"},"query-input":"required name=search_term_string"}],"inLanguage":"sr-RS"}]}},"_links":{"self":[{"href":"https:\/\/2tm.eu\/sr\/wp-json\/wp\/v2\/pages\/161"}],"collection":[{"href":"https:\/\/2tm.eu\/sr\/wp-json\/wp\/v2\/pages"}],"about":[{"href":"https:\/\/2tm.eu\/sr\/wp-json\/wp\/v2\/types\/page"}],"author":[{"embeddable":true,"href":"https:\/\/2tm.eu\/sr\/wp-json\/wp\/v2\/users\/1"}],"replies":[{"embeddable":true,"href":"https:\/\/2tm.eu\/sr\/wp-json\/wp\/v2\/comments?post=161"}],"version-history":[{"count":4,"href":"https:\/\/2tm.eu\/sr\/wp-json\/wp\/v2\/pages\/161\/revisions"}],"predecessor-version":[{"id":3880,"href":"https:\/\/2tm.eu\/sr\/wp-json\/wp\/v2\/pages\/161\/revisions\/3880"}],"wp:attachment":[{"href":"https:\/\/2tm.eu\/sr\/wp-json\/wp\/v2\/media?parent=161"}],"curies":[{"name":"wp","href":"https:\/\/api.w.org\/{rel}","templated":true}]}}