{"id":524,"date":"2022-05-12T10:31:45","date_gmt":"2022-05-12T10:31:45","guid":{"rendered":"https:\/\/2tm.eu\/?page_id=524"},"modified":"2023-03-02T08:17:18","modified_gmt":"2023-03-02T07:17:18","slug":"nasi-partnerji","status":"publish","type":"page","link":"https:\/\/2tm.eu\/sl\/nasi-partnerji\/","title":{"rendered":"Na\u0161i partnerji"},"content":{"rendered":"\n<div class=\"wp-block-group p-t-24\"><div class=\"wp-block-group__inner-container is-layout-flow wp-block-group-is-layout-flow\">\n<div class=\"wp-block-group container\"><div class=\"wp-block-group__inner-container is-layout-flow wp-block-group-is-layout-flow\">\n<div class=\"wp-block-stackable-heading stk-block-heading stk-block stk-2e73620\" id=\"nasi-partnerji\" data-block-id=\"2e73620\"><style>.stk-2e73620 .stk-block-heading__text{margin:0 !important}<\/style><h2 class=\"stk-block-heading__text\">Na\u0161i partnerji<\/h2><\/div>\n\n\n\n<div class=\"wp-block-stackable-heading stk-block-heading stk-block stk-adcdae7\" id=\"kaj-nudimo-izobrazevalnim-ustanovam\" data-block-id=\"adcdae7\"><style>.stk-adcdae7 .stk-block-heading__text{margin:0 !important}<\/style><h3 class=\"stk-block-heading__text\">Kaj nudimo izobra\u017eevalnim ustanovam?<\/h3><\/div>\n\n\n\n<div class=\"wp-block-stackable-text stk-block-text stk-block stk-25abf95 stk-block-background\" data-block-id=\"25abf95\"><style>.stk-25abf95{background-color:#41a63e !important}.stk-25abf95:before{background-color:#41a63e !important}.stk-25abf95 .stk-block-text__text{color:#ffffff !important}<\/style><p class=\"stk-block-text__text has-text-color has-white-color\">2TM si prizadeva razvijati in krepiti sodelovanje z evropskimi izobra\u017eevalnimi ustanovami. Smo zanesljiv partner, ki ponuja enostavne in pregledne pogoje sodelovanja ter \u0161tevilne ugodnosti.<\/p><\/div>\n\n\n\n<div class=\"wp-block-stackable-icon-list stk-block-icon-list stk-block stk-335c7ed\" data-block-id=\"335c7ed\"><style>.stk-335c7ed{padding-left:16px !important}.stk-335c7ed ul li{list-style-image:url('data:image\/svg+xml;base64,PHN2ZyBhcmlhLWhpZGRlbj0idHJ1ZSIgZm9jdXNhYmxlPSJmYWxzZSIgZGF0YS1wcmVmaXg9ImZhcyIgZGF0YS1pY29uPSJjaXJjbGUiIGNsYXNzPSJzdmctaW5saW5lLS1mYSBmYS1jaXJjbGUgZmEtdy0xNiIgcm9sZT0iaW1nIiB4bWxucz0iaHR0cDovL3d3dy53My5vcmcvMjAwMC9zdmciIHZpZXdCb3g9IjAgMCA1MTIgNTEyIiBzdHlsZT0iZmlsbDogIzcyYjYyNiAhaW1wb3J0YW50OyBjb2xvcjogIzcyYjYyNiAhaW1wb3J0YW50O3RyYW5zZm9ybTogcm90YXRlKGRlZykgIWltcG9ydGFudDsiPjxwYXRoIGZpbGw9IiM3MmI2MjYiIGQ9Ik0yNTYgOEMxMTkgOCA4IDExOSA4IDI1NnMxMTEgMjQ4IDI0OCAyNDggMjQ4LTExMSAyNDgtMjQ4UzM5MyA4IDI1NiA4eiIgc3Ryb2tlPSIjNzJiNjI2IiBzdHlsZT0iZmlsbDogcmdiKDExNCwgMTgyLCAzOCk7IHN0cm9rZTogcmdiKDExNCwgMTgyLCAzOCk7Ii8+PC9zdmc+') !important}.stk-335c7ed li::marker{color:#72b626 !important}<\/style><ul><li><strong>Pomagamo vam pridobiti \u0161tudente iz tujine<\/strong> ter na ta na\u010din pove\u010dati prepoznavnost in ugled va\u0161e izobra\u017eevalne ustanove v svetu. Vsak tuji \u0161tudent je namre\u010d ambasador svoje izobra\u017eevalne ustanove v dr\u017eavi, od koder prihaja, pomemben pa je tudi po \u0161tudiju zaradi ohranjanja stikov in potencialnega sodelovanja s tujino.<\/li><li><strong>Na mednarodnem tr\u017ei\u0161\u010du predstavljamo va\u0161o izobra\u017eevalno ustanovo.<\/strong> Organiziramo tematske seminarje, izvajamo predstavitve v zadnjih letnikih srednjih \u0161ol, sodelujemo <a href=\"#\">na izobra\u017eevalnih sejmih v tujini<\/a>, informacije o va\u0161i izobra\u017eevalni ustanovi in programih objavljamo v na\u0161ih tiskovinah, na na\u0161i spletni strani ter na dru\u017ebenih omre\u017ejih, in to kar v 6 tujih jezikih (angle\u0161kem, ruskem, ukrajinskem, srbskem, makedonskem in hrva\u0161kem).<\/li><li><strong>Smo va\u0161 glasn\u00edk<\/strong> za prenos informacij va\u0161i ciljni skupini.<\/li><li><strong>V 10 jezikih svetujemo<\/strong> tujim \u0161tudentom pri izbiri programov va\u0161e izobra\u017eevalne ustanove.<\/li><li><strong>Izvedemo postopek vpisa tujih \u0161tudentov<\/strong> na va\u0161o izobra\u017eevalno ustanovo.<\/li><li><strong>Tujim \u0161tudentom uredimo dokumente za pridobitev dovoljenja za bivanje.<\/strong><\/li><li><strong>Pripravimo, preverimo in v vpisno slu\u017ebo dostavimo celoten paket zahtevanih dokumentov<\/strong>, s \u010dimer va\u0161im zaposlenim prihranimo \u010das.<\/li><li><strong>Pripeljemo le resne in motivirane \u0161tudente<\/strong>, katerih cilj je pridobiti kakovostno izobrazbo, saj poznamo \u017eelje, namen in potenciale kandidatov.<\/li><li><strong>Organiziramo te\u010daje sloven\u0161\u010dine in angle\u0161\u010dine za tuje \u0161tudente<\/strong> in jim s tem olaj\u0161amo proces izobra\u017eevanja, vam pa posledi\u010dno omogo\u010dimo nemoteno delo.<\/li><li><strong>Dvigujemo va\u0161 rating.<\/strong><\/li><li><strong>Pove\u010damo va\u0161e prihodke.<\/strong><\/li><\/ul><\/div>\n\n\n\n<div class=\"wp-block-stackable-heading stk-block-heading stk-block stk-b99871f\" id=\"strong-kaj-pricakujemo-od-partnerske-izobrazevalne-ustanove-strong\" data-block-id=\"b99871f\"><style>.stk-b99871f .stk-block-heading__text{font-size:24px !important;margin:0 !important}@media screen and (max-width:991px){.stk-b99871f .stk-block-heading__text{font-size:24px !important}}<\/style><h3 class=\"stk-block-heading__text\"><strong>Kaj pri\u010dakujemo od partnerske izobra\u017eevalne ustanove?<\/strong><\/h3><\/div>\n\n\n\n<div class=\"wp-block-stackable-icon-list stk-block-icon-list stk-block stk-3cd4859\" data-block-id=\"3cd4859\"><style>.stk-3cd4859{padding-left:16px !important}.stk-3cd4859 ul li{list-style-image:url('data:image\/svg+xml;base64,PHN2ZyBhcmlhLWhpZGRlbj0idHJ1ZSIgZm9jdXNhYmxlPSJmYWxzZSIgZGF0YS1wcmVmaXg9ImZhcyIgZGF0YS1pY29uPSJjaXJjbGUiIGNsYXNzPSJzdmctaW5saW5lLS1mYSBmYS1jaXJjbGUgZmEtdy0xNiIgcm9sZT0iaW1nIiB4bWxucz0iaHR0cDovL3d3dy53My5vcmcvMjAwMC9zdmciIHZpZXdCb3g9IjAgMCA1MTIgNTEyIiBzdHlsZT0iZmlsbDogIzcyYjYyNiAhaW1wb3J0YW50OyBjb2xvcjogIzcyYjYyNiAhaW1wb3J0YW50O3RyYW5zZm9ybTogcm90YXRlKGRlZykgIWltcG9ydGFudDsiPjxwYXRoIGZpbGw9IiM3MmI2MjYiIGQ9Ik0yNTYgOEMxMTkgOCA4IDExOSA4IDI1NnMxMTEgMjQ4IDI0OCAyNDggMjQ4LTExMSAyNDgtMjQ4UzM5MyA4IDI1NiA4eiIgc3Ryb2tlPSIjNzJiNjI2IiBzdHlsZT0iZmlsbDogcmdiKDExNCwgMTgyLCAzOCk7IHN0cm9rZTogcmdiKDExNCwgMTgyLCAzOCk7Ii8+PC9zdmc+') !important}.stk-3cd4859 li::marker{color:#72b626 !important}<\/style><ul><li>Zavezanost k sodelovanju.<\/li><li>Imenovanje odgovorne osebe za sodelovanje z nami.<\/li><li>Jasno predstavitev strategije za razvoj va\u0161e izobra\u017eevalne ustanove in njenih programov.<\/li><li>Izpostavitev prednosti in posebnosti \u0161tudijskih programov in izobra\u017eevalne ustanove, ki pomenijo konkuren\u010dno prednost na mednarodnem trgu.<\/li><li>Sprotno obve\u0161\u010danje o zahtevah va\u0161e izobra\u017eevalne ustanove za vpis tujih \u0161tudentov.<\/li><\/ul><\/div>\n\n\n\n<div class=\"wp-block-stackable-text stk-block-text stk-block stk-8b06bc3\" data-block-id=\"8b06bc3\"><p class=\"stk-block-text__text\">Prepri\u010dani smo, da lahko le s skupnim delom dose\u017eemo pove\u010danje prepoznavnosti slovenskih izobra\u017eevalnih ustanov na mednarodnem trgu izobra\u017eevanja. Za podrobnej\u0161e informacije o pogojih in mo\u017enostih sodelovanja se lahko obrnete na pisarno 2TM.<br>Elektronska po\u0161ta: <a href=\"mailto:lj@2tm.si\">lj@2tm.si<\/a><br>Telefon: <a href=\"tel: 059014963\">059 014 963.<\/a><\/p><\/div>\n<\/div><\/div>\n<\/div><\/div>\n\n\n\n<div class=\"wp-block-group page-form\"><div class=\"wp-block-group__inner-container is-layout-flow wp-block-group-is-layout-flow\">\n<div class=\"wp-block-group container\"><div class=\"wp-block-group__inner-container is-layout-flow wp-block-group-is-layout-flow\">\n<div class=\"wp-block-contact-form-7-contact-form-selector\"><div role=\"form\" class=\"wpcf7\" id=\"wpcf7-f550-o1\" lang=\"en-US\" dir=\"ltr\">\n<div class=\"screen-reader-response\"><p role=\"status\" aria-live=\"polite\" aria-atomic=\"true\"><\/p> <ul><\/ul><\/div>\n<form action=\"\/sl\/wp-json\/wp\/v2\/pages\/524#wpcf7-f550-o1\" method=\"post\" class=\"wpcf7-form init\" novalidate=\"novalidate\" data-status=\"init\">\n<div style=\"display: none;\">\n<input type=\"hidden\" name=\"_wpcf7\" value=\"550\" \/>\n<input type=\"hidden\" name=\"_wpcf7_version\" value=\"5.6.3\" \/>\n<input type=\"hidden\" name=\"_wpcf7_locale\" value=\"en_US\" \/>\n<input type=\"hidden\" name=\"_wpcf7_unit_tag\" value=\"wpcf7-f550-o1\" \/>\n<input type=\"hidden\" name=\"_wpcf7_container_post\" value=\"0\" \/>\n<input type=\"hidden\" name=\"_wpcf7_posted_data_hash\" value=\"\" \/>\n<\/div>\n<div class=\"contact-form contact-form__white\">\n    <span id=\"wpcf7-69d6868698fd5-wrapper\" class=\"wpcf7-form-control-wrap first-name-wrap\" style=\"display:none !important; visibility:hidden !important;\"><label for=\"wpcf7-69d6868698fd5-field\" class=\"hp-message\">Please leave this field empty.<\/label><input id=\"wpcf7-69d6868698fd5-field\"  class=\"wpcf7-form-control wpcf7-text\" type=\"text\" name=\"first-name\" value=\"\" size=\"40\" tabindex=\"-1\" autocomplete=\"new-password\" \/><\/span>\n    <input type=\"hidden\" name=\"form-type\" value=\"consult\" class=\"wpcf7-form-control wpcf7-hidden\" \/>\n    <input type=\"hidden\" name=\"form_id\" value=\"550\" class=\"wpcf7-form-control wpcf7-hidden\" \/>\n    <input type=\"hidden\" name=\"langsite\" value=\"147\" class=\"wpcf7-form-control wpcf7-hidden\" \/>  <!-- \u042f\u0437\u044b\u043a \u0441\u0430\u0439\u0442\u0430  \u0421\u043b\u043e\u0432\u0435\u043d\u0441\u043a\u0438\u0439-->\n\n    <div class=\"contact-form--grid\">\n        <!-- 1 -->\n        <div class=\"contact-form--grid-1\">\n            <div class=\"contact-form--block\">\n                <div class=\"contact-form--title-wrapper\">\n                    <img decoding=\"async\" class=\"contact-form--title--img\" src=\"\/content\/uploads\/sites\/2\/2022\/04\/Mask-group.svg\" \/>\n                    <div class=\"contact-form--title contact-form--title__big\" style=\"font-size: 36px; line-height: 40px;\">Pove\u017eite se<br\/>z nami<\/div>\n                <\/div>\n            <\/div>\n        <\/div>\n        <!-- \/1 -->\n        <!-- 2 -->\n        <div class=\"contact-form--grid-2\">\n            <div>\n                <p class=\"contact-form--text contact-form--text__big\">\n                    Po\u0161ljite va\u0161e povpra\u0161evanje, <br \/>na\u0161i svetovalci vam bodo odgovorili v najkraj\u0161em mo\u017enem \u010dasu.\n                <\/p>\n            <\/div>\n        <\/div>\n        <!-- \/2 -->\n        <!-- 3 -->\n        <div class=\"contact-form--grid-3\">\n            <div class=\"contact-form--block\">\n                <p class=\"contact-form--text\">\n                    <strong>Tel.: <a class=\"contact-form--link\" href=\"tel:+38659043716\">+386 59 043 716<\/a><\/strong>\n                <\/p>\n            <\/div>\n            <div>\n                <div class=\"contact-form--row\">\n                    <div class=\"contact-form--column\">\n                        <a href=\"https:\/\/api.whatsapp.com\/send?phone=38669873687\" rel=\"noopener noreferrer\" onclick=\"dataLayer.push({'event': 'ClickWhatsApp'}); return true\">\n                            <img decoding=\"async\" width=\"50\" src=\"\/content\/uploads\/sites\/2\/2022\/04\/whatsapp-svgrepo-com.svg\" \/>\n                        <\/a>\n                    <\/div>\n                    <div class=\"contact-form--column\">\n                        <a href=\"viber:\/\/chat?number=%2B38669873687\" rel=\"noopener noreferrer\" onclick=\"dataLayer.push({'event': 'ClickViber'}); return true\">\n                            <img decoding=\"async\" width=\"50\" src=\"\/content\/uploads\/sites\/2\/2022\/04\/viber.svg\" \/>\n                        <\/a>\n                    <\/div>\n                    <div class=\"contact-form--column\">\n                        <a href=\"https:\/\/t.me\/Mojca2TM\" rel=\"noopener noreferrer\" onclick=\"dataLayer.push({'event': 'ClickTelegram'}); return true\">\n                            <img decoding=\"async\" width=\"50\" src=\"\/content\/uploads\/sites\/2\/2022\/04\/telegram.svg\" \/>\n                        <\/a>\n                    <\/div>\n                <\/div>\n            <\/div>\n        <\/div>\n        <!-- \/3 -->\n        <!-- 4 -->\n        <div class=\"contact-form--grid-4\">\n            <div class=\"contact-form--block\">\n                <div class=\"contact-form--title contact-form--title__centered\">Postavite vpra\u0161anje<\/div>\n            <\/div>\n            <div class=\"contact-form--block\">\n                <label>\n                    <span class=\"wpcf7-form-control-wrap\" data-name=\"your-name\"><input type=\"text\" name=\"your-name\" value=\"\" size=\"40\" class=\"wpcf7-form-control wpcf7-text wpcf7-validates-as-required\" aria-required=\"true\" aria-invalid=\"false\" placeholder=\"Ime*\" \/><\/span>\n                <\/label>\n            <\/div>\n            <div class=\"contact-form--block\">\n                <label>\n                    <span class=\"wpcf7-form-control-wrap\" data-name=\"your-email\"><input type=\"email\" name=\"your-email\" value=\"\" size=\"40\" class=\"wpcf7-form-control wpcf7-text wpcf7-email wpcf7-validates-as-required wpcf7-validates-as-email\" aria-required=\"true\" aria-invalid=\"false\" placeholder=\"E-mail*\" \/><\/span>\n                <\/label>\n            <\/div>\n            <div class=\"contact-form--block\">\n                <label>\n                    <span class=\"wpcf7-form-control-wrap\" data-name=\"your-phone\"><input type=\"tel\" name=\"your-phone-cf7it-national\" value=\"\" class=\"wpcf7-form-control wpcf7-intl-tel wpcf7-intl_tel wpcf7-validates-as-required\" aria-required=\"true\" aria-invalid=\"false\" data-initialcountry=\"si\" data-preferredcountries=\"si-rs-hr-mk-me-ba-gb\" \/><input type=\"hidden\" name=\"your-phone\" class=\"wpcf7-intl-tel-full\" \/><input type=\"hidden\" name=\"your-phone-cf7it-country-name\" class=\"wpcf7-intl-tel-country-name\" \/><input type=\"hidden\" name=\"your-phone-cf7it-country-code\" class=\"wpcf7-intl-tel-country-code\" \/><input type=\"hidden\" name=\"your-phone-cf7it-country-iso2\" class=\"wpcf7-intl-tel-country-iso2\" \/><\/span>\n                <\/label>\n            <\/div>\n            <div class=\"contact-form--block\">\n                <span class=\"wpcf7-form-control-wrap\" data-name=\"your-message\"><textarea name=\"your-message\" cols=\"40\" rows=\"10\" class=\"wpcf7-form-control wpcf7-textarea\" aria-invalid=\"false\" placeholder=\"Postavite vpra\u0161anje\"><\/textarea><\/span>\n            <\/div>\n            <div class=\"contact-form--block\">\n                <span class=\"wpcf7-form-control-wrap\" data-name=\"acceptance-policy\"><span class=\"wpcf7-form-control wpcf7-checkbox wpcf7-validates-as-required\"><span class=\"wpcf7-list-item first last\"><label><input type=\"checkbox\" name=\"acceptance-policy[]\" value=\"Strinjam se z obdelavo mojih osebnih podatkov.\" \/><span class=\"wpcf7-list-item-label\">Strinjam se z obdelavo mojih osebnih podatkov.<\/span><\/label><\/span><\/span><\/span>\n                <span class=\"wpcf7-form-control-wrap\" data-name=\"i-am-16\"><span class=\"wpcf7-form-control wpcf7-checkbox wpcf7-validates-as-required\"><span class=\"wpcf7-list-item first last\"><label><input type=\"checkbox\" name=\"i-am-16[]\" value=\"Strinjam se s pogoji uporabe.\" \/><span class=\"wpcf7-list-item-label\">Strinjam se s pogoji uporabe.<\/span><\/label><\/span><\/span><\/span>\n            <\/div>\n            <div class=\"contact-form--block\">\n                <p class=\"contact-form--text\">\n                    <a class=\"contact-form--link\" href=\"\/sl\/privacy-policy\/\" target=\"_blank\">Politika za\u0161\u010dite osebnih podatkov<\/a> in <a class=\"contact-form--link\" href=\"https:\/\/2tm.eu\/sl\/terms-conditions\/\" target=\"_blank\">pogoji uporabe<\/a>.\n                <\/p>\n            <\/div>\n            <div class=\"contact-form--submit\">\n                <input type=\"submit\" value=\"Po\u0161ljite!\" class=\"wpcf7-form-control has-spinner wpcf7-submit\" \/>\n            <\/div>\n        <\/div>\n        <!-- \/4 -->\n    <\/div>\n<\/div><input type=\"hidden\" id=\"ct_checkjs_cf7_e6b4b2a746ed40e1af829d1fa82daa10\" name=\"ct_checkjs_cf7\" value=\"0\" \/><script >setTimeout(function(){var ct_input_name = \"ct_checkjs_cf7_e6b4b2a746ed40e1af829d1fa82daa10\";if (document.getElementById(ct_input_name) !== null) {var ct_input_value = document.getElementById(ct_input_name).value;document.getElementById(ct_input_name).value = document.getElementById(ct_input_name).value.replace(ct_input_value, '1860851372');}}, 1000);<\/script><label class=\"apbct_special_field\" id=\"apbct_label_id9662\" for=\"apbct__email_id__wp_contact_form_7_9662\">9662<\/label><input\n            id=\"apbct__email_id__wp_contact_form_7_9662\"\n            class=\"apbct_special_field apbct__email_id__wp_contact_form_7\"\n            name=\"apbct__email_id__wp_contact_form_7_9662\"\n            type=\"text\" size=\"30\" maxlength=\"200\" autocomplete=\"off\"\n            value=\"9662\" apbct_event_id=\"9662\"\n            \/><input id=\"apbct_event_id_wp_contact_form_7_9662\"\n                class=\"apbct_special_field\" name=\"apbct_event_id\" type=\"hidden\" value=\"9662\" \/><div class=\"wpcf7-response-output\" aria-hidden=\"true\"><\/div><\/form><\/div><\/div>\n<\/div><\/div>\n<\/div><\/div>\n","protected":false},"excerpt":{"rendered":"<p>Na\u0161i partnerji Kaj nudimo izobra\u017eevalnim ustanovam? 2TM si prizadeva razvijati in krepiti sodelovanje z evropskimi izobra\u017eevalnimi ustanovami. Smo zanesljiv partner, ki ponuja enostavne in pregledne pogoje sodelovanja ter \u0161tevilne ugodnosti. [&hellip;]<\/p>\n","protected":false},"author":1,"featured_media":0,"parent":0,"menu_order":0,"comment_status":"closed","ping_status":"closed","template":"template-full-width-without-header.php","meta":{"_acf_changed":false,"footnotes":""},"acf":[],"yoast_head":"<!-- This site is optimized with the Yoast SEO Premium plugin v20.5 (Yoast SEO v20.5) - https:\/\/yoast.com\/wordpress\/plugins\/seo\/ -->\n<title>Na\u0161i partnerji - 2TM<\/title>\n<meta name=\"robots\" content=\"index, follow, max-snippet:-1, max-image-preview:large, max-video-preview:-1\" \/>\n<link rel=\"canonical\" href=\"https:\/\/2tm.eu\/sl\/nasi-partnerji\/\" \/>\n<meta property=\"og:locale\" content=\"sl_SI\" \/>\n<meta property=\"og:type\" content=\"article\" \/>\n<meta property=\"og:title\" content=\"Na\u0161i partnerji\" \/>\n<meta property=\"og:description\" content=\"Na\u0161i partnerji Kaj nudimo izobra\u017eevalnim ustanovam? 2TM si prizadeva razvijati in krepiti sodelovanje z evropskimi izobra\u017eevalnimi ustanovami. Smo zanesljiv partner, ki ponuja enostavne in pregledne pogoje sodelovanja ter \u0161tevilne ugodnosti. [&hellip;]\" \/>\n<meta property=\"og:url\" content=\"https:\/\/2tm.eu\/sl\/nasi-partnerji\/\" \/>\n<meta property=\"og:site_name\" content=\"2TM\" \/>\n<meta property=\"article:modified_time\" content=\"2023-03-02T07:17:18+00:00\" \/>\n<meta name=\"twitter:card\" content=\"summary_large_image\" \/>\n<meta name=\"twitter:label1\" content=\"Est. reading time\" \/>\n\t<meta name=\"twitter:data1\" content=\"2 minuti\" \/>\n<script type=\"application\/ld+json\" class=\"yoast-schema-graph\">{\"@context\":\"https:\/\/schema.org\",\"@graph\":[{\"@type\":\"WebPage\",\"@id\":\"https:\/\/2tm.eu\/sl\/nasi-partnerji\/\",\"url\":\"https:\/\/2tm.eu\/sl\/nasi-partnerji\/\",\"name\":\"Na\u0161i partnerji - 2TM\",\"isPartOf\":{\"@id\":\"https:\/\/2tm.eu\/en\/#website\"},\"datePublished\":\"2022-05-12T10:31:45+00:00\",\"dateModified\":\"2023-03-02T07:17:18+00:00\",\"breadcrumb\":{\"@id\":\"https:\/\/2tm.eu\/sl\/nasi-partnerji\/#breadcrumb\"},\"inLanguage\":\"sl-SI\",\"potentialAction\":[{\"@type\":\"ReadAction\",\"target\":[\"https:\/\/2tm.eu\/sl\/nasi-partnerji\/\"]}]},{\"@type\":\"BreadcrumbList\",\"@id\":\"https:\/\/2tm.eu\/sl\/nasi-partnerji\/#breadcrumb\",\"itemListElement\":[{\"@type\":\"ListItem\",\"position\":1,\"name\":\"Home\",\"item\":\"https:\/\/2tm.eu\/sl\/\"},{\"@type\":\"ListItem\",\"position\":2,\"name\":\"Na\u0161i partnerji\"}]},{\"@type\":\"WebSite\",\"@id\":\"https:\/\/2tm.eu\/en\/#website\",\"url\":\"https:\/\/2tm.eu\/en\/\",\"name\":\"2TM\",\"description\":\"Izobra\u017eevanje v Evropi\",\"potentialAction\":[{\"@type\":\"SearchAction\",\"target\":{\"@type\":\"EntryPoint\",\"urlTemplate\":\"https:\/\/2tm.eu\/en\/?s={search_term_string}\"},\"query-input\":\"required name=search_term_string\"}],\"inLanguage\":\"sl-SI\"}]}<\/script>\n<!-- \/ Yoast SEO Premium plugin. -->","yoast_head_json":{"title":"Na\u0161i partnerji - 2TM","robots":{"index":"index","follow":"follow","max-snippet":"max-snippet:-1","max-image-preview":"max-image-preview:large","max-video-preview":"max-video-preview:-1"},"canonical":"https:\/\/2tm.eu\/sl\/nasi-partnerji\/","og_locale":"sl_SI","og_type":"article","og_title":"Na\u0161i partnerji","og_description":"Na\u0161i partnerji Kaj nudimo izobra\u017eevalnim ustanovam? 2TM si prizadeva razvijati in krepiti sodelovanje z evropskimi izobra\u017eevalnimi ustanovami. Smo zanesljiv partner, ki ponuja enostavne in pregledne pogoje sodelovanja ter \u0161tevilne ugodnosti. [&hellip;]","og_url":"https:\/\/2tm.eu\/sl\/nasi-partnerji\/","og_site_name":"2TM","article_modified_time":"2023-03-02T07:17:18+00:00","twitter_card":"summary_large_image","twitter_misc":{"Est. reading time":"2 minuti"},"schema":{"@context":"https:\/\/schema.org","@graph":[{"@type":"WebPage","@id":"https:\/\/2tm.eu\/sl\/nasi-partnerji\/","url":"https:\/\/2tm.eu\/sl\/nasi-partnerji\/","name":"Na\u0161i partnerji - 2TM","isPartOf":{"@id":"https:\/\/2tm.eu\/en\/#website"},"datePublished":"2022-05-12T10:31:45+00:00","dateModified":"2023-03-02T07:17:18+00:00","breadcrumb":{"@id":"https:\/\/2tm.eu\/sl\/nasi-partnerji\/#breadcrumb"},"inLanguage":"sl-SI","potentialAction":[{"@type":"ReadAction","target":["https:\/\/2tm.eu\/sl\/nasi-partnerji\/"]}]},{"@type":"BreadcrumbList","@id":"https:\/\/2tm.eu\/sl\/nasi-partnerji\/#breadcrumb","itemListElement":[{"@type":"ListItem","position":1,"name":"Home","item":"https:\/\/2tm.eu\/sl\/"},{"@type":"ListItem","position":2,"name":"Na\u0161i partnerji"}]},{"@type":"WebSite","@id":"https:\/\/2tm.eu\/en\/#website","url":"https:\/\/2tm.eu\/en\/","name":"2TM","description":"Izobra\u017eevanje v Evropi","potentialAction":[{"@type":"SearchAction","target":{"@type":"EntryPoint","urlTemplate":"https:\/\/2tm.eu\/en\/?s={search_term_string}"},"query-input":"required name=search_term_string"}],"inLanguage":"sl-SI"}]}},"_links":{"self":[{"href":"https:\/\/2tm.eu\/sl\/wp-json\/wp\/v2\/pages\/524"}],"collection":[{"href":"https:\/\/2tm.eu\/sl\/wp-json\/wp\/v2\/pages"}],"about":[{"href":"https:\/\/2tm.eu\/sl\/wp-json\/wp\/v2\/types\/page"}],"author":[{"embeddable":true,"href":"https:\/\/2tm.eu\/sl\/wp-json\/wp\/v2\/users\/1"}],"replies":[{"embeddable":true,"href":"https:\/\/2tm.eu\/sl\/wp-json\/wp\/v2\/comments?post=524"}],"version-history":[{"count":7,"href":"https:\/\/2tm.eu\/sl\/wp-json\/wp\/v2\/pages\/524\/revisions"}],"predecessor-version":[{"id":3864,"href":"https:\/\/2tm.eu\/sl\/wp-json\/wp\/v2\/pages\/524\/revisions\/3864"}],"wp:attachment":[{"href":"https:\/\/2tm.eu\/sl\/wp-json\/wp\/v2\/media?parent=524"}],"curies":[{"name":"wp","href":"https:\/\/api.w.org\/{rel}","templated":true}]}}