{"id":3013,"date":"2022-12-08T11:46:51","date_gmt":"2022-12-08T10:46:51","guid":{"rendered":"https:\/\/2tm.eu\/sitemap-test\/"},"modified":"2025-06-30T10:26:05","modified_gmt":"2025-06-30T08:26:05","slug":"sitemap","status":"publish","type":"page","link":"https:\/\/2tm.eu\/sl\/sitemap\/","title":{"rendered":"Zemljevid strani"},"content":{"rendered":"\n<div class=\"wp-block-stackable-columns stk-block-columns stk-block stk-bb3b95d\" data-block-id=\"bb3b95d\"><div class=\"stk-row stk-inner-blocks stk-block-content stk-content-align stk-bb3b95d-column\">\n<div class=\"wp-block-stackable-column stk-block-column stk-column stk-block stk-af67d33\" data-v=\"4\" data-block-id=\"af67d33\"><style>.stk-af67d33{margin-left:30px !important}<\/style><div class=\"stk-column-wrapper stk-block-column__content stk-container stk-af67d33-container stk--no-background stk--no-padding\"><div class=\"stk-block-content stk-inner-blocks stk-af67d33-inner-blocks\">\n<h2 class=\"wp-block-heading\" id=\"h-2tm\">2TM<\/h2>\n\n\n\n<div class=\"wp-block-stackable-columns stk-block-columns stk-block stk-a33bf2c\" data-block-id=\"a33bf2c\"><style>.stk-a33bf2c-column{row-gap:0px !important}<\/style><div class=\"stk-row stk-inner-blocks stk-block-content stk-content-align stk-a33bf2c-column\">\n<div class=\"wp-block-stackable-column stk-block-column stk-column stk-block stk-c2ec4f7\" data-v=\"4\" data-block-id=\"c2ec4f7\"><style>.stk-c2ec4f7{margin-top:-10px !important}<\/style><div class=\"stk-column-wrapper stk-block-column__content stk-container stk-c2ec4f7-container stk--no-background stk--no-padding\"><div class=\"stk-block-content stk-inner-blocks stk-c2ec4f7-inner-blocks\">\n<ul>\n<li><a href=\"https:\/\/2tm.eu\/sl\/about-us\/\">O podjetju 2TM<\/a><\/li>\n\n\n\n<li><a href=\"https:\/\/2tm.eu\/sl\/contacts\/\">Kontakti<\/a><\/li>\n\n\n\n<li><a href=\"https:\/\/2tm.eu\/sl\/events\/\">Novice<\/a><\/li>\n\n\n\n<li><a href=\"https:\/\/2tm.eu\/sl\/partnership-2tm\/\">Sodelovanje z 2TM<\/a><\/li>\n\n\n\n<li><a href=\"https:\/\/2tm.eu\/sl\/institutions\/\">Ponudba za izobra\u017eevalne ustanove<\/a><\/li>\n\n\n\n<li><a href=\"https:\/\/2tm.eu\/sl\/interviews\/\">Intervju<\/a><\/li>\n<\/ul>\n<\/div><\/div><\/div>\n<\/div><\/div>\n\n\n\n<div class=\"wp-block-stackable-columns stk-block-columns stk-block stk-3e667a6\" data-block-id=\"3e667a6\"><div class=\"stk-row stk-inner-blocks stk-block-content stk-content-align stk-3e667a6-column\">\n<div class=\"wp-block-stackable-column stk-block-column stk-column stk-block stk-9d050a3\" data-v=\"4\" data-block-id=\"9d050a3\"><style>.stk-9d050a3{margin-top:-20px !important;margin-left:30px !important}<\/style><div class=\"stk-column-wrapper stk-block-column__content stk-container stk-9d050a3-container stk--no-background stk--no-padding\"><div class=\"stk-block-content stk-inner-blocks stk-9d050a3-inner-blocks\">\n<ul>\n<li><a href=\"https:\/\/2tm.eu\/sl\/danilo-pejovic-student-iz-crne-gore-slovenija-veliko-vec-vlaga-v-izobrazevanje\/\">Danilo Pejovi\u0107, \u0161tudent iz \u010crne gore: Slovenija veliko ve\u010d vlaga v izobra\u017eevanje<\/a><\/li>\n\n\n\n<li><a href=\"https:\/\/2tm.eu\/sl\/italijanka-ljubljana-je-neverjetno-lepa-tu-se-pocutim-kot-doma\/\">Italijanka: Ljubljana je neverjetno lepa, tu se po\u010dutim kot doma<\/a><\/li>\n\n\n\n<li><a href=\"https:\/\/2tm.eu\/sl\/zorica-iz-makedonije-slovenija-ponuja-idealne-pogoje-za-studentsko-zivljenje\/\">Zorica iz Makedonije: Slovenija ponuja idealn\u0435 pogoj\u0435 za \u0161tudentsko \u017eivljenje<\/a><\/li>\n\n\n\n<li><a href=\"https:\/\/2tm.eu\/sl\/makedonec-v-sloveniji-tu-sem-videl-lepso-prihodnost\/\">Makedonec v Sloveniji: Tu sem videl lep\u0161o prihodnost<\/a><\/li>\n\n\n\n<li><a href=\"https:\/\/2tm.eu\/sl\/studentka-jelena-starcevic-iz-bih-slovenska-diploma-je-mednarodno-priznana\/\">\u0160tudentka Jelena Star\u010devi\u0107 iz BiH: Slovenska diploma je mednarodno priznana<\/a><\/li>\n\n\n\n<li><a href=\"https:\/\/2tm.eu\/sl\/makedonski-student-na-ekonomskom-fakultetu-u-mariboru-trajce-andreev-slovenija-me-je-ucila-smirenosti-i-otvorenijim-pogledima-prema-evropi-i-svetu\/\">Traj\u010de Andreev: Slovenija me je nau\u010dila mirnosti in bolj odprti pogledi do Evropo in svet<\/a><\/li>\n\n\n\n<li><a href=\"https:\/\/2tm.eu\/sl\/bodoci-magister-kineziologije-dusan-senkovic-iz-srbije-v-bliznji-prihodnosti-se-poklicno-vidim-v-velnes-centru-v-sloveniji\/\">Du\u0161an Senkovi\u0107 iz Srbije: V bli\u017enji prihodnosti se poklicno vidim v velnes centru v Sloveniji<\/a><\/li>\n<\/ul>\n<\/div><\/div><\/div>\n<\/div><\/div>\n\n\n\n<div class=\"wp-block-stackable-columns stk-block-columns stk-block stk-d6ce433\" data-block-id=\"d6ce433\"><style>.stk-d6ce433-column{row-gap:0px !important}<\/style><div class=\"stk-row stk-inner-blocks stk-block-content stk-content-align stk-d6ce433-column\">\n<div class=\"wp-block-stackable-column stk-block-column stk-column stk-block stk-c612102\" data-v=\"4\" data-block-id=\"c612102\"><style>.stk-c612102{margin-top:-10px !important}<\/style><div class=\"stk-column-wrapper stk-block-column__content stk-container stk-c612102-container stk--no-background stk--no-padding\"><div class=\"stk-block-content stk-inner-blocks stk-c612102-inner-blocks\">\n<ul>\n<li><a href=\"https:\/\/2tm.eu\/sl\/\">Main<\/a><\/li>\n\n\n\n<li><a href=\"https:\/\/2tm.eu\/sl\/reviews\/\">Mnenja<\/a><\/li>\n<\/ul>\n<\/div><\/div><\/div>\n<\/div><\/div>\n<\/div><\/div><\/div>\n<\/div><\/div>\n\n\n\n<div class=\"wp-block-stackable-columns stk-block-columns stk-block stk-6ea0a95\" data-block-id=\"6ea0a95\"><div class=\"stk-row stk-inner-blocks stk-block-content stk-content-align stk-6ea0a95-column\">\n<div class=\"wp-block-stackable-column stk-block-column stk-column stk-block stk-8024583\" data-v=\"4\" data-block-id=\"8024583\"><style>.stk-8024583{margin-left:30px !important}<\/style><div class=\"stk-column-wrapper stk-block-column__content stk-container stk-8024583-container stk--no-background stk--no-padding\"><div class=\"stk-block-content stk-inner-blocks stk-8024583-inner-blocks\">\n<h2 class=\"wp-block-heading\" id=\"h-jezikovni-tecaji\">Jezikovni te\u010daji<\/h2>\n\n\n\n<div class=\"wp-block-stackable-columns stk-block-columns stk-block stk-f587fdd\" data-block-id=\"f587fdd\"><style>.stk-f587fdd-column{row-gap:0px !important}<\/style><div class=\"stk-row stk-inner-blocks stk-block-content stk-content-align stk-f587fdd-column\">\n<div class=\"wp-block-stackable-column stk-block-column stk-column stk-block stk-ccd7e90\" data-v=\"4\" data-block-id=\"ccd7e90\"><style>.stk-ccd7e90{margin-top:-10px !important}<\/style><div class=\"stk-column-wrapper stk-block-column__content stk-container stk-ccd7e90-container stk--no-background stk--no-padding\"><div class=\"stk-block-content stk-inner-blocks stk-ccd7e90-inner-blocks\">\n<ul>\n<li><a href=\"https:\/\/courses.2tm.eu\/sl\/contacts\/\">Kontakti<\/a><\/li>\n\n\n\n<li><a href=\"https:\/\/courses.2tm.eu\/sl\/intensive-slovenian\/\">Intenzivni te\u010daji<\/a><\/li>\n\n\n\n<li><a href=\"https:\/\/courses.2tm.eu\/sl\/\">Main<\/a><\/li>\n\n\n\n<li><a href=\"https:\/\/courses.2tm.eu\/sl\/online-slovenian\/\">Online te\u010daji<\/a><\/li>\n\n\n\n<li><a href=\"https:\/\/courses.2tm.eu\/sl\/slovenian-language-for-medical-personnel\/\">Te\u010daj slovenskega jezika<\/a><\/li>\n\n\n\n<li><a href=\"https:\/\/courses.2tm.eu\/sl\/reviews\/\">Vtisi\u00a0<\/a><\/li>\n<\/ul>\n<\/div><\/div><\/div>\n<\/div><\/div>\n\n\n\n<div class=\"wp-block-stackable-columns stk-block-columns stk-block stk-9ef269c\" data-block-id=\"9ef269c\"><div class=\"stk-row stk-inner-blocks stk-block-content stk-content-align stk-9ef269c-column\">\n<div class=\"wp-block-stackable-column stk-block-column stk-column stk-block stk-2c201a5\" data-v=\"4\" data-block-id=\"2c201a5\"><style>.stk-2c201a5{margin-top:-20px !important;margin-left:30px !important}<\/style><div class=\"stk-column-wrapper stk-block-column__content stk-container stk-2c201a5-container stk--no-background stk--no-padding\"><div class=\"stk-block-content stk-inner-blocks stk-2c201a5-inner-blocks\"><\/div><\/div><\/div>\n<\/div><\/div>\n<\/div><\/div><\/div>\n<\/div><\/div>\n\n\n\n<div class=\"wp-block-stackable-columns stk-block-columns stk-block stk-1bc134c\" data-block-id=\"1bc134c\"><div class=\"stk-row stk-inner-blocks stk-block-content stk-content-align stk-1bc134c-column\">\n<div class=\"wp-block-stackable-column stk-block-column stk-column stk-block stk-060ca5d\" data-v=\"4\" data-block-id=\"060ca5d\"><style>.stk-060ca5d{margin-left:30px !important}<\/style><div class=\"stk-column-wrapper stk-block-column__content stk-container stk-060ca5d-container stk--no-background stk--no-padding\"><div class=\"stk-block-content stk-inner-blocks stk-060ca5d-inner-blocks\">\n<h2 class=\"wp-block-heading\" id=\"h-izobrazevanje-v-slovenij\">Izobra\u017eevanje v Slovenij<\/h2>\n\n\n\n<div class=\"wp-block-stackable-columns stk-block-columns stk-block stk-78477a5\" data-block-id=\"78477a5\"><style>.stk-78477a5-column{row-gap:0px !important}<\/style><div class=\"stk-row stk-inner-blocks stk-block-content stk-content-align stk-78477a5-column\">\n<div class=\"wp-block-stackable-column stk-block-column stk-column stk-block stk-8119f05\" data-v=\"4\" data-block-id=\"8119f05\"><style>.stk-8119f05{margin-top:-10px !important}<\/style><div class=\"stk-column-wrapper stk-block-column__content stk-container stk-8119f05-container stk--no-background stk--no-padding\"><div class=\"stk-block-content stk-inner-blocks stk-8119f05-inner-blocks\">\n<ul>\n<li><a href=\"https:\/\/study.2tm.eu\/sl\/contacts\/\">Kontakti<\/a><\/li>\n\n\n\n<li><a href=\"https:\/\/study.2tm.eu\/sl\/\">Izobra\u017eevanje v Sloveniji<\/a><\/li>\n<\/ul>\n<\/div><\/div><\/div>\n<\/div><\/div>\n\n\n\n<div class=\"wp-block-stackable-columns stk-block-columns stk-block stk-1e19acf\" data-block-id=\"1e19acf\"><div class=\"stk-row stk-inner-blocks stk-block-content stk-content-align stk-1e19acf-column\">\n<div class=\"wp-block-stackable-column stk-block-column stk-column stk-block stk-0b8b069\" data-v=\"4\" data-block-id=\"0b8b069\"><style>.stk-0b8b069{margin-top:-20px !important;margin-left:30px !important}<\/style><div class=\"stk-column-wrapper stk-block-column__content stk-container stk-0b8b069-container stk--no-background stk--no-padding\"><div class=\"stk-block-content stk-inner-blocks stk-0b8b069-inner-blocks\">\n<ul>\n<li><a href=\"https:\/\/study.2tm.eu\/sl\/deadline\/\">Application deadlines<\/a><\/li>\n<\/ul>\n<\/div><\/div><\/div>\n<\/div><\/div>\n\n\n\n<div class=\"wp-block-stackable-columns stk-block-columns stk-block stk-0e146bb\" data-block-id=\"0e146bb\"><div class=\"stk-row stk-inner-blocks stk-block-content stk-content-align stk-0e146bb-column\">\n<div class=\"wp-block-stackable-column stk-block-column stk-column stk-block stk-4f36ec1\" data-v=\"4\" data-block-id=\"4f36ec1\"><style>.stk-4f36ec1{margin-top:-20px !important;margin-left:30px !important}<\/style><div class=\"stk-column-wrapper stk-block-column__content stk-container stk-4f36ec1-container stk--no-background stk--no-padding\"><div class=\"stk-block-content stk-inner-blocks stk-4f36ec1-inner-blocks\">\n<ul>\n<li><a href=\"https:\/\/study.2tm.eu\/sl\/slovenian-education-system\/\">Izobra\u017eevalnisistemSlovenije<\/a><\/li>\n\n\n\n<li><a href=\"https:\/\/study.2tm.eu\/sl\/price\/\">Cenik<\/a><\/li>\n\n\n\n<li><a href=\"https:\/\/study.2tm.eu\/sl\/reviews\/\">Mnenja o vpisu<\/a><\/li>\n<\/ul>\n<\/div><\/div><\/div>\n<\/div><\/div>\n<\/div><\/div><\/div>\n<\/div><\/div>\n","protected":false},"excerpt":{"rendered":"<p>2TM Jezikovni te\u010daji Izobra\u017eevanje v Slovenij<\/p>\n","protected":false},"author":1,"featured_media":0,"parent":0,"menu_order":0,"comment_status":"closed","ping_status":"closed","template":"","meta":{"_acf_changed":false,"footnotes":""},"acf":[],"yoast_head":"<!-- This site is optimized with the Yoast SEO Premium plugin v20.5 (Yoast SEO v20.5) - https:\/\/yoast.com\/wordpress\/plugins\/seo\/ -->\n<title>Zemljevid strani - 2TM<\/title>\n<meta name=\"robots\" content=\"index, follow, max-snippet:-1, max-image-preview:large, max-video-preview:-1\" \/>\n<link rel=\"canonical\" href=\"https:\/\/2tm.eu\/sl\/sitemap\/\" \/>\n<meta property=\"og:locale\" content=\"sl_SI\" \/>\n<meta property=\"og:type\" content=\"article\" \/>\n<meta property=\"og:title\" content=\"Zemljevid strani\" \/>\n<meta property=\"og:description\" content=\"2TM Jezikovni te\u010daji Izobra\u017eevanje v Slovenij\" \/>\n<meta property=\"og:url\" content=\"https:\/\/2tm.eu\/sl\/sitemap\/\" \/>\n<meta property=\"og:site_name\" content=\"2TM\" \/>\n<meta property=\"article:modified_time\" content=\"2025-06-30T08:26:05+00:00\" \/>\n<meta name=\"twitter:card\" content=\"summary_large_image\" \/>\n<meta name=\"twitter:label1\" content=\"Est. reading time\" \/>\n\t<meta name=\"twitter:data1\" content=\"1 minuta\" \/>\n<script type=\"application\/ld+json\" class=\"yoast-schema-graph\">{\"@context\":\"https:\/\/schema.org\",\"@graph\":[{\"@type\":\"WebPage\",\"@id\":\"https:\/\/2tm.eu\/sl\/sitemap\/\",\"url\":\"https:\/\/2tm.eu\/sl\/sitemap\/\",\"name\":\"Zemljevid strani - 2TM\",\"isPartOf\":{\"@id\":\"https:\/\/2tm.eu\/en\/#website\"},\"datePublished\":\"2022-12-08T10:46:51+00:00\",\"dateModified\":\"2025-06-30T08:26:05+00:00\",\"breadcrumb\":{\"@id\":\"https:\/\/2tm.eu\/sl\/sitemap\/#breadcrumb\"},\"inLanguage\":\"sl-SI\",\"potentialAction\":[{\"@type\":\"ReadAction\",\"target\":[\"https:\/\/2tm.eu\/sl\/sitemap\/\"]}]},{\"@type\":\"BreadcrumbList\",\"@id\":\"https:\/\/2tm.eu\/sl\/sitemap\/#breadcrumb\",\"itemListElement\":[{\"@type\":\"ListItem\",\"position\":1,\"name\":\"Home\",\"item\":\"https:\/\/2tm.eu\/sl\/\"},{\"@type\":\"ListItem\",\"position\":2,\"name\":\"Zemljevid strani\"}]},{\"@type\":\"WebSite\",\"@id\":\"https:\/\/2tm.eu\/en\/#website\",\"url\":\"https:\/\/2tm.eu\/en\/\",\"name\":\"2TM\",\"description\":\"Izobra\u017eevanje v Evropi\",\"potentialAction\":[{\"@type\":\"SearchAction\",\"target\":{\"@type\":\"EntryPoint\",\"urlTemplate\":\"https:\/\/2tm.eu\/en\/?s={search_term_string}\"},\"query-input\":\"required name=search_term_string\"}],\"inLanguage\":\"sl-SI\"}]}<\/script>\n<!-- \/ Yoast SEO Premium plugin. -->","yoast_head_json":{"title":"Zemljevid strani - 2TM","robots":{"index":"index","follow":"follow","max-snippet":"max-snippet:-1","max-image-preview":"max-image-preview:large","max-video-preview":"max-video-preview:-1"},"canonical":"https:\/\/2tm.eu\/sl\/sitemap\/","og_locale":"sl_SI","og_type":"article","og_title":"Zemljevid strani","og_description":"2TM Jezikovni te\u010daji Izobra\u017eevanje v Slovenij","og_url":"https:\/\/2tm.eu\/sl\/sitemap\/","og_site_name":"2TM","article_modified_time":"2025-06-30T08:26:05+00:00","twitter_card":"summary_large_image","twitter_misc":{"Est. reading time":"1 minuta"},"schema":{"@context":"https:\/\/schema.org","@graph":[{"@type":"WebPage","@id":"https:\/\/2tm.eu\/sl\/sitemap\/","url":"https:\/\/2tm.eu\/sl\/sitemap\/","name":"Zemljevid strani - 2TM","isPartOf":{"@id":"https:\/\/2tm.eu\/en\/#website"},"datePublished":"2022-12-08T10:46:51+00:00","dateModified":"2025-06-30T08:26:05+00:00","breadcrumb":{"@id":"https:\/\/2tm.eu\/sl\/sitemap\/#breadcrumb"},"inLanguage":"sl-SI","potentialAction":[{"@type":"ReadAction","target":["https:\/\/2tm.eu\/sl\/sitemap\/"]}]},{"@type":"BreadcrumbList","@id":"https:\/\/2tm.eu\/sl\/sitemap\/#breadcrumb","itemListElement":[{"@type":"ListItem","position":1,"name":"Home","item":"https:\/\/2tm.eu\/sl\/"},{"@type":"ListItem","position":2,"name":"Zemljevid strani"}]},{"@type":"WebSite","@id":"https:\/\/2tm.eu\/en\/#website","url":"https:\/\/2tm.eu\/en\/","name":"2TM","description":"Izobra\u017eevanje v Evropi","potentialAction":[{"@type":"SearchAction","target":{"@type":"EntryPoint","urlTemplate":"https:\/\/2tm.eu\/en\/?s={search_term_string}"},"query-input":"required name=search_term_string"}],"inLanguage":"sl-SI"}]}},"_links":{"self":[{"href":"https:\/\/2tm.eu\/sl\/wp-json\/wp\/v2\/pages\/3013"}],"collection":[{"href":"https:\/\/2tm.eu\/sl\/wp-json\/wp\/v2\/pages"}],"about":[{"href":"https:\/\/2tm.eu\/sl\/wp-json\/wp\/v2\/types\/page"}],"author":[{"embeddable":true,"href":"https:\/\/2tm.eu\/sl\/wp-json\/wp\/v2\/users\/1"}],"replies":[{"embeddable":true,"href":"https:\/\/2tm.eu\/sl\/wp-json\/wp\/v2\/comments?post=3013"}],"version-history":[{"count":10,"href":"https:\/\/2tm.eu\/sl\/wp-json\/wp\/v2\/pages\/3013\/revisions"}],"predecessor-version":[{"id":11317,"href":"https:\/\/2tm.eu\/sl\/wp-json\/wp\/v2\/pages\/3013\/revisions\/11317"}],"wp:attachment":[{"href":"https:\/\/2tm.eu\/sl\/wp-json\/wp\/v2\/media?parent=3013"}],"curies":[{"name":"wp","href":"https:\/\/api.w.org\/{rel}","templated":true}]}}